


 















{"id":7827,"date":"2022-12-02T10:49:57","date_gmt":"2022-12-02T03:49:57","guid":{"rendered":"https:\/\/toragon.vn\/?post_type=product&#038;p=7827"},"modified":"2024-04-19T15:48:55","modified_gmt":"2024-04-19T08:48:55","slug":"pm-daruma-club-hello-kitty-b","status":"publish","type":"product","link":"https:\/\/toragon.vn\/en\/product\/arttoys\/pm-daruma-club-hello-kitty-b\/","title":{"rendered":"DARUMA CLUB HELLO KITTY B &#8211; PCS"},"content":{"rendered":"","protected":false},"excerpt":{"rendered":"<blockquote class=\"fa fa-quote-left\" aria-hidden=\"true\">\n<p style=\"font-family:Tahoma,Arial,Verdana,sans-serif;font-size:11px;font-weight:100;line-height:2;margin-left:15px;margin-right:5px\">\n<em><br \/>\n    Daruma Club Hello Kitty B l\u00e0 t\u00e1c ph\u1ea9m \u0111\u01b0\u1ee3c thi\u1ebft k\u1ebf b\u1edfi Popmart &#8211; c\u00f4ng ty s\u1ea3n xu\u1ea5t \u0111\u1ed3 ch\u01a1i ngh\u1ec7 thu\u1eadt. T\u00e1c ph\u1ea9m thu\u1ed9c d\u00f2ng s\u1ea3n ph\u1ea9m &#8220;Daruma Club&#8221; l\u1ea5y c\u1ea3m h\u1ee9ng t\u1eeb nhi\u1ec1u nh\u00e2n v\u1eadt bi\u1ec3u t\u01b0\u1ee3ng v\u0103n h\u00f3a Nh\u1eadt B\u1ea3n. Thi\u1ebft k\u1ebf d\u1ef1a tr\u00ean nh\u00e2n v\u1eadt Hello Kitty trong th\u00e2n h\u00ecnh b\u00fap b\u00ea Daruma truy\u1ec1n th\u1ed1ng, v\u1edbi th\u00e2n h\u00ecnh tr\u00f2n tr\u1ecba, m\u00e0u h\u1ed3ng \u0111\u00e1ng y\u00eau v\u00e0 th\u0103t n\u01a1 tr\u00ean \u0111\u1ea7u. B\u1ed9 s\u01b0u t\u1eadp blindbox ng\u1eabu nhi\u00ean\n<\/p>\n<\/blockquote>","protected":false},"featured_media":14261,"template":"","meta":[],"_links":{"self":[{"href":"https:\/\/toragon.vn\/en\/wp-json\/wp\/v2\/product\/7827"}],"collection":[{"href":"https:\/\/toragon.vn\/en\/wp-json\/wp\/v2\/product"}],"about":[{"href":"https:\/\/toragon.vn\/en\/wp-json\/wp\/v2\/types\/product"}],"wp:featuredmedia":[{"embeddable":true,"href":"https:\/\/toragon.vn\/en\/wp-json\/wp\/v2\/media\/14261"}],"wp:attachment":[{"href":"https:\/\/toragon.vn\/en\/wp-json\/wp\/v2\/media?parent=7827"}],"curies":[{"name":"wp","href":"https:\/\/api.w.org\/{rel}","templated":true}]}}