


 















{"id":7663,"date":"2022-12-01T02:58:59","date_gmt":"2022-11-30T19:58:59","guid":{"rendered":"https:\/\/toragon.vn\/product\/uncategorized\/gobletaragorn-lotr\/"},"modified":"2024-04-19T15:48:51","modified_gmt":"2024-04-19T08:48:51","slug":"gobletaragorn-lotr","status":"publish","type":"product","link":"https:\/\/toragon.vn\/en\/product\/arttoys\/gobletaragorn-lotr\/","title":{"rendered":"GOBLET,ARAGORN-LOTR &#8211; PCS"},"content":{"rendered":"","protected":false},"excerpt":{"rendered":"<blockquote class=\"fa fa-quote-left\" aria-hidden=\"true\">\n<p style=\"font-family:Tahoma,Arial,Verdana,sans-serif;font-size:11px;font-weight:100;line-height:2;margin-left:15px;margin-right:5px\"><em><br \/>\n&#8220;Aragorn II \u0111\u1ed9i chi\u1ebfc v\u01b0\u01a1ng mi\u1ec7n c\u1ed5 x\u01b0a c\u1ee7a E\u00e4rnur. \u0110\u01b0\u1ee3c ch\u1ebf t\u00e1c \u1edf \u0111\u00e2y b\u1edfi m\u1ed9t vi\u00ean ng\u1ecdc b\u00edch nephrite cabochon, vi\u00ean \u0111\u00e1 qu\u00fd Elessar ng\u1ed3i tr\u00ean m\u1ed9t v\u1eadt c\u01b0\u1ee1i h\u00ecnh \u0111\u1ea1i b\u00e0ng, m\u00f3c v\u00e0o c\u1ed5 \u00e1o cho\u00e0ng c\u1ee7a \u00f4ng, v\u1ed1n thu\u00f4n nh\u1ecdn th\u00e0nh m\u1ed9t th\u00e2n c\u00e2y trang nh\u00e3. V\u1ebb m\u1eb7t trang tr\u1ecdng c\u1ee7a Ng\u01b0\u1eddi th\u1eeba k\u1ebf Isildur ph\u00f9 h\u1ee3p v\u1edbi d\u1ecbp \u0111\u0103ng quang c\u1ee7a \u00f4ng.<br \/>\nV\u1ec1 b\u1ed9 s\u01b0u t\u1eadp<br \/>\nM\u1ed9t t\u00e1c ph\u1ea9m s\u00e1ng t\u1ea1o \u0111\u00e1ng kinh ng\u1ea1c v\u1ec1 tr\u00ed t\u01b0\u1edfng t\u01b0\u1ee3ng cao, J.R.R. S\u1eed thi n\u0103m 1954 c\u1ee7a Tolkien k\u1ec3 l\u1ea1i h\u00e0nh tr\u00ecnh \u0111\u1ea7y nguy hi\u1ec3m c\u1ee7a Hi\u1ec7p h\u1ed9i Nh\u1eabn gi\u1ea3 nh\u1eb1m ch\u1ea5m d\u1ee9t h\u00e0nh tr\u00ecnh th\u1ed1ng tr\u1ecb th\u1ebf gi\u1edbi c\u1ee7a Sauron. \u0110\u01b0\u1ee3c \u0111i\u00eau kh\u1eafc b\u1edfi Ti\u1ebfn s\u0129 Graeme Anthony, b\u1ed9 s\u01b0u t\u1eadp \u0111\u01b0\u1ee3c c\u1ea5p ph\u00e9p ch\u00ednh th\u1ee9c b\u1edfi Middle-earth Enterprises, LLC.&#8221;<br \/>\n<\/em><\/p>\n<\/blockquote>","protected":false},"featured_media":14201,"template":"","meta":[],"_links":{"self":[{"href":"https:\/\/toragon.vn\/en\/wp-json\/wp\/v2\/product\/7663"}],"collection":[{"href":"https:\/\/toragon.vn\/en\/wp-json\/wp\/v2\/product"}],"about":[{"href":"https:\/\/toragon.vn\/en\/wp-json\/wp\/v2\/types\/product"}],"wp:featuredmedia":[{"embeddable":true,"href":"https:\/\/toragon.vn\/en\/wp-json\/wp\/v2\/media\/14201"}],"wp:attachment":[{"href":"https:\/\/toragon.vn\/en\/wp-json\/wp\/v2\/media?parent=7663"}],"curies":[{"name":"wp","href":"https:\/\/api.w.org\/{rel}","templated":true}]}}