


 















{"id":7658,"date":"2022-12-01T02:58:56","date_gmt":"2022-11-30T19:58:56","guid":{"rendered":"https:\/\/toragon.vn\/product\/uncategorized\/gobletsmaug-lotr\/"},"modified":"2024-04-19T15:48:50","modified_gmt":"2024-04-19T08:48:50","slug":"gobletsmaug-lotr","status":"publish","type":"product","link":"https:\/\/toragon.vn\/en\/product\/arttoys\/gobletsmaug-lotr\/","title":{"rendered":"GOBLET,SMAUG-LOTR &#8211; PCS"},"content":{"rendered":"","protected":false},"excerpt":{"rendered":"<blockquote class=\"fa fa-quote-left\" aria-hidden=\"true\">\n<p style=\"font-family:Tahoma,Arial,Verdana,sans-serif;font-size:11px;font-weight:100;line-height:2;margin-left:15px;margin-right:5px\"><em><br \/>\n&#8220;L\u00e0 m\u1ed9t trong nh\u1eefng con r\u1ed3ng l\u1eeda h\u00f9ng m\u1ea1nh nh\u1ea5t c\u1ee7a Th\u1eddi \u0111\u1ea1i th\u1ee9 ba, vi\u1ec7c Smaug chi\u1ebfm \u0111\u01b0\u1ee3c v\u01b0\u01a1ng qu\u1ed1c Erebor c\u1ee7a Ng\u01b0\u1eddi l\u00f9n l\u00e0 \u0111i\u1ec1u b\u1ea5t kh\u1ea3 thi trong hai th\u1ebf k\u1ef7, c\u01a1n th\u1ecbnh n\u1ed9 c\u1ee7a h\u1eafn th\u1eadt kh\u1ee7ng khi\u1ebfp. To l\u1edbn v\u00e0 \u0111\u00e1ng s\u1ee3 nh\u01b0 v\u1eady, s\u1ef1 s\u1ee5p \u0111\u1ed5 c\u1ee7a Smaug cu\u1ed1i c\u00f9ng s\u1ebd l\u00e0 k\u1ebft qu\u1ea3 c\u1ee7a s\u1ef1 ph\u00f9 phi\u1ebfm c\u1ee7a ch\u00ednh anh ta.<br \/>\nV\u1ec1 b\u1ed9 s\u01b0u t\u1eadp<br \/>\nM\u1ed9t t\u00e1c ph\u1ea9m s\u00e1ng t\u1ea1o \u0111\u00e1ng kinh ng\u1ea1c v\u1ec1 tr\u00ed t\u01b0\u1edfng t\u01b0\u1ee3ng cao, J.R.R. S\u1eed thi n\u0103m 1954 c\u1ee7a Tolkien k\u1ec3 l\u1ea1i h\u00e0nh tr\u00ecnh \u0111\u1ea7y nguy hi\u1ec3m c\u1ee7a Hi\u1ec7p h\u1ed9i Nh\u1eabn gi\u1ea3 nh\u1eb1m ch\u1ea5m d\u1ee9t h\u00e0nh tr\u00ecnh th\u1ed1ng tr\u1ecb th\u1ebf gi\u1edbi c\u1ee7a Sauron. \u0110\u01b0\u1ee3c \u0111i\u00eau kh\u1eafc b\u1edfi Ti\u1ebfn s\u0129 Graeme Anthony, b\u1ed9 s\u01b0u t\u1eadp \u0111\u01b0\u1ee3c c\u1ea5p ph\u00e9p ch\u00ednh th\u1ee9c b\u1edfi Middle-earth Enterprises, LLC.&#8221;<br \/>\n<\/em><\/p>\n<\/blockquote>","protected":false},"featured_media":14195,"template":"","meta":[],"_links":{"self":[{"href":"https:\/\/toragon.vn\/en\/wp-json\/wp\/v2\/product\/7658"}],"collection":[{"href":"https:\/\/toragon.vn\/en\/wp-json\/wp\/v2\/product"}],"about":[{"href":"https:\/\/toragon.vn\/en\/wp-json\/wp\/v2\/types\/product"}],"wp:featuredmedia":[{"embeddable":true,"href":"https:\/\/toragon.vn\/en\/wp-json\/wp\/v2\/media\/14195"}],"wp:attachment":[{"href":"https:\/\/toragon.vn\/en\/wp-json\/wp\/v2\/media?parent=7658"}],"curies":[{"name":"wp","href":"https:\/\/api.w.org\/{rel}","templated":true}]}}