


 















{"id":7431,"date":"2022-11-30T03:52:28","date_gmt":"2022-11-29T20:52:28","guid":{"rendered":"https:\/\/toragon.vn\/product\/uncategorized\/phone-cradle-iron-throne-got\/"},"modified":"2024-04-19T15:48:51","modified_gmt":"2024-04-19T08:48:51","slug":"phone-cradle-iron-throne-got","status":"publish","type":"product","link":"https:\/\/toragon.vn\/en\/product\/arttoys\/phone-cradle-iron-throne-got\/","title":{"rendered":"PHONE CRADLE IRON THRONE-GOT &#8211; PCS"},"content":{"rendered":"","protected":false},"excerpt":{"rendered":"<blockquote class=\"fa fa-quote-left\" aria-hidden=\"true\">\n<p style=\"font-family:Tahoma,Arial,Verdana,sans-serif;font-size:11px;font-weight:100;line-height:2;margin-left:15px;margin-right:5px\"><em><br \/>\n&#8220;\u201c\u0110\u00f3 kh\u00f4ng ph\u1ea3i l\u00e0 chi\u1ebfc gh\u1ebf m\u00e0 m\u1ed9t ng\u01b0\u1eddi \u0111\u00e0n \u00f4ng c\u00f3 th\u1ec3 ngh\u1ec9 ng\u01a1i tho\u1ea3i m\u00e1i.\u201d, Stannis Baratheon n\u00f3i v\u1ec1 Ngai S\u1eaft. \u0110\u01b0\u1ee3c t\u1ea1o ra theo l\u1ec7nh c\u1ee7a Aegon the Conqueror t\u1eeb nh\u1eefng thanh ki\u1ebfm c\u1ee7a k\u1ebb b\u1ea1i tr\u1eadn \u0111\u01b0\u1ee3c nung ch\u1ea3y v\u1edbi nhau b\u1eb1ng l\u1eeda r\u1ed3ng, nh\u1eefng l\u01b0\u1ee1i ki\u1ebfm n\u00e0y v\u1eabn gi\u1eef \u0111\u01b0\u1ee3c c\u00e1c c\u1ea1nh s\u1eafc b\u00e9n nh\u01b0 l\u1eddi nh\u1eafc nh\u1edf c\u1ee7a Aegon \u0111\u1ed1i v\u1edbi t\u1ea5t c\u1ea3 nh\u1eefng ai cai tr\u1ecb n\u00f3 ph\u1ea3i c\u1ea9n th\u1eadn cai tr\u1ecb.<br \/>\nB\u1ea3n sao thi\u1ebfc c\u1ee7a ch\u00fang t\u00f4i ch\u1ee9ng minh m\u1ed9t ch\u1ed7 ng\u1ed3i nh\u1eb9 nh\u00e0ng h\u01a1n cho \u0111i\u1ec7n tho\u1ea1i di \u0111\u1ed9ng c\u1ee7a b\u1ea1n trong khi s\u1ea1c ho\u1eb7c cho danh thi\u1ebfp c\u1ee7a b\u1ea1n.<br \/>\nPh\u00f9 h\u1ee3p v\u1edbi h\u1ea7u h\u1ebft c\u00e1c thi\u1ebft b\u1ecb di \u0111\u1ed9ng v\u00e0 c\u00e1p s\u1ea1c t\u00f9y thu\u1ed9c v\u00e0o v\u1ecf \u0111i\u1ec7n tho\u1ea1i th\u00f4ng minh \u0111ang s\u1eed d\u1ee5ng.V\u1ec1 b\u1ed9 s\u01b0u t\u1eadp<br \/>\nT\u00e1c ph\u1ea9m v\u0129 \u0111\u1ea1i v\u1ec1 danh d\u1ef1, tham v\u1ecdng v\u00e0 s\u1ef1 ph\u1ea3n b\u1ed9i c\u1ee7a George R. R. Martin c\u00f3 d\u00e0n nh\u00e2n v\u1eadt n\u1eef xu\u1ea5t s\u1eafc. V\u00e0 r\u1ed3ng!&#8221;<br \/>\n<\/em><\/p>\n<\/blockquote>","protected":false},"featured_media":14208,"template":"","meta":[],"_links":{"self":[{"href":"https:\/\/toragon.vn\/en\/wp-json\/wp\/v2\/product\/7431"}],"collection":[{"href":"https:\/\/toragon.vn\/en\/wp-json\/wp\/v2\/product"}],"about":[{"href":"https:\/\/toragon.vn\/en\/wp-json\/wp\/v2\/types\/product"}],"wp:featuredmedia":[{"embeddable":true,"href":"https:\/\/toragon.vn\/en\/wp-json\/wp\/v2\/media\/14208"}],"wp:attachment":[{"href":"https:\/\/toragon.vn\/en\/wp-json\/wp\/v2\/media?parent=7431"}],"curies":[{"name":"wp","href":"https:\/\/api.w.org\/{rel}","templated":true}]}}