


 















{"id":7376,"date":"2022-11-30T01:52:52","date_gmt":"2022-11-29T18:52:52","guid":{"rendered":"https:\/\/toragon.vn\/product\/uncategorized\/msic-crsl-le-gl-mulan-dmc-v\/"},"modified":"2024-04-19T15:48:51","modified_gmt":"2024-04-19T08:48:51","slug":"msic-crsl-le-gl-mulan-dmc-v","status":"publish","type":"product","link":"https:\/\/toragon.vn\/en\/product\/arttoys\/msic-crsl-le-gl-mulan-dmc-v\/","title":{"rendered":"MSIC CRSL LE GL MULAN-DMC V &#8211; PCS"},"content":{"rendered":"","protected":false},"excerpt":{"rendered":"<blockquote class=\"fa fa-quote-left\" aria-hidden=\"true\">\n<p style=\"font-family:Tahoma,Arial,Verdana,sans-serif;font-size:11px;font-weight:100;line-height:2;margin-left:15px;margin-right:5px\"><em><br \/>\n&#8220;Truy\u1ec1n thuy\u1ebft v\u1ec1 Hoa M\u1ed9c Lan v\u00e0o th\u1ebf k\u1ef7 th\u1ee9 6 c\u1ee7a Trung Qu\u1ed1c r\u1ea5t \u0111\u01b0\u1ee3c y\u00eau th\u00edch, k\u1ec3 c\u00e2u chuy\u1ec7n v\u1ec1 m\u1ed9t c\u00f4 g\u00e1i d\u0169ng c\u1ea3m th\u1ebf ch\u1ed7 ng\u01b0\u1eddi cha gi\u00e0 c\u1ee7a m\u00ecnh khi qu\u00e2n \u0111\u1ed9i g\u1ecdi \u00f4ng nh\u1eadp ng\u0169. Trong b\u1ed9 phim ho\u1ea1t h\u00ecnh n\u0103m 1998 c\u1ee7a Disney, Reflection ti\u1ebft l\u1ed9 t\u00ecnh th\u1ebf ti\u1ebfn tho\u00e1i l\u01b0\u1ee1ng nan c\u1ee7a M\u1ed9c Lan khi tr\u1edf th\u00e0nh \u0111i\u1ec1u m\u00e0 x\u00e3 h\u1ed9i mong \u0111\u1ee3i \u1edf c\u00f4 \u1ea5y, ch\u1ed1ng l\u1ea1i nh\u1eefng g\u00ec c\u00f4 \u1ea5y c\u1ea3m th\u1ea5y l\u00e0 con ng\u01b0\u1eddi th\u1eadt c\u1ee7a m\u00ecnh. M\u1ed9t Hoa M\u1ed9c Lan b\u1eb1ng thi\u1ebfc, m\u1ea1 v\u00e0ng 24K, \u0111\u1ed1i m\u1eb7t v\u1edbi k\u1ebb th\u00f9 c\u1ee7a m\u00ecnh tr\u00ean s\u00e2n th\u01b0\u1ee3ng c\u1ee7a cung \u0111i\u1ec7n b\u1eb1ng nh\u1ef1a t\u1ed5ng h\u1ee3p v\u1edbi l\u1edbp s\u01a1n m\u00e0u xanh m\u00f2ng k\u00e9t.V\u1ec1 b\u1ed9 s\u01b0u t\u1eadp<br \/>\nC\u00e1c nh\u00e2n v\u1eadt \u0111\u01b0\u1ee3c y\u00eau m\u1ebfn k\u1ebft h\u1ee3p v\u1edbi nh\u1eefng giai \u0111i\u1ec7u \u0111\u1eb7c tr\u01b0ng c\u1ee7a h\u1ecd mang \u0111\u1ebfn \u0111i\u1ec1u k\u1ef3 di\u1ec7u c\u1ee7a Disney cho b\u1ed9 s\u01b0u t\u1eadp b\u0103ng chuy\u1ec1n \u00e2m nh\u1ea1c \u0111\u01b0\u1ee3c c\u1ea5p ph\u00e9p c\u1ee7a ch\u00fang t\u00f4i, ho\u00e0n h\u1ea3o cho nh\u1eefng d\u1ecbp t\u00ecnh c\u1ea3m.&#8221;<br \/>\n<\/em><\/p>\n<\/blockquote>","protected":false},"featured_media":14206,"template":"","meta":[],"_links":{"self":[{"href":"https:\/\/toragon.vn\/en\/wp-json\/wp\/v2\/product\/7376"}],"collection":[{"href":"https:\/\/toragon.vn\/en\/wp-json\/wp\/v2\/product"}],"about":[{"href":"https:\/\/toragon.vn\/en\/wp-json\/wp\/v2\/types\/product"}],"wp:featuredmedia":[{"embeddable":true,"href":"https:\/\/toragon.vn\/en\/wp-json\/wp\/v2\/media\/14206"}],"wp:attachment":[{"href":"https:\/\/toragon.vn\/en\/wp-json\/wp\/v2\/media?parent=7376"}],"curies":[{"name":"wp","href":"https:\/\/api.w.org\/{rel}","templated":true}]}}