


 















{"id":7367,"date":"2022-11-30T01:52:47","date_gmt":"2022-11-29T18:52:47","guid":{"rendered":"https:\/\/toragon.vn\/product\/uncategorized\/msic-crsl-simba-dmcii\/"},"modified":"2024-04-19T15:48:51","modified_gmt":"2024-04-19T08:48:51","slug":"msic-crsl-simba-dmcii","status":"publish","type":"product","link":"https:\/\/toragon.vn\/en\/product\/arttoys\/msic-crsl-simba-dmcii\/","title":{"rendered":"MSIC CRSL SIMBA-DMCII &#8211; PCS"},"content":{"rendered":"","protected":false},"excerpt":{"rendered":"<blockquote class=\"fa fa-quote-left\" aria-hidden=\"true\">\n<p style=\"font-family:Tahoma,Arial,Verdana,sans-serif;font-size:11px;font-weight:100;line-height:2;margin-left:15px;margin-right:5px\"><em><br \/>\n&#8220;Trong m\u1ed9t c\u00e2u chuy\u1ec7n c\u1ed5 \u0111i\u1ec3n d\u00e0nh cho l\u1ee9a tu\u1ed5i m\u1edbi l\u1edbn, Simba m\u01a1 v\u1ec1 m\u1ed9t ng\u00e0y c\u1eadu s\u1ebd cai tr\u1ecb V\u00f9ng \u0111\u1ea5t Ki\u00eau h\u00e3nh r\u1ed9ng l\u1edbn. Ch\u00fa s\u01b0 t\u1eed con h\u00e1o h\u1ee9c nh\u1eadn th\u1ea5y l\u00f2ng d\u0169ng c\u1ea3m c\u1ee7a m\u00ecnh b\u1ecb th\u1eed th\u00e1ch v\u00e0 ni\u1ec1m tin b\u1ecb lung lay nh\u01b0ng nh\u1edd s\u1ee9c m\u1ea1nh c\u1ee7a t\u00ecnh b\u1ea1n c\u0169ng nh\u01b0 c\u1ea3m gi\u00e1c th\u00e2n thu\u1ed9c, ch\u00fa \u0111\u00e3 chi\u1ebfn th\u1eafng trong cu\u1ed9c h\u00e0nh tr\u00ecnh c\u1ee7a m\u00ecnh trong V\u00f2ng tr\u00f2n cu\u1ed9c s\u1ed1ng. B\u1eb1ng thi\u1ebfc, tr\u00ean m\u1ed9t gi\u00e1 \u0111\u1ee1 b\u1eb1ng s\u1ee9 ngo\u1ea1i quan.V\u1ec1 b\u1ed9 s\u01b0u t\u1eadp<br \/>\nC\u00e1c nh\u00e2n v\u1eadt \u0111\u01b0\u1ee3c y\u00eau m\u1ebfn k\u1ebft h\u1ee3p v\u1edbi nh\u1eefng giai \u0111i\u1ec7u \u0111\u1eb7c tr\u01b0ng c\u1ee7a h\u1ecd mang \u0111\u1ebfn \u0111i\u1ec1u k\u1ef3 di\u1ec7u c\u1ee7a Disney cho b\u1ed9 s\u01b0u t\u1eadp b\u0103ng chuy\u1ec1n \u00e2m nh\u1ea1c \u0111\u01b0\u1ee3c c\u1ea5p ph\u00e9p c\u1ee7a ch\u00fang t\u00f4i, ho\u00e0n h\u1ea3o cho nh\u1eefng d\u1ecbp t\u00ecnh c\u1ea3m.&#8221;<br \/>\n<\/em><\/p>\n<\/blockquote>","protected":false},"featured_media":14204,"template":"","meta":[],"_links":{"self":[{"href":"https:\/\/toragon.vn\/en\/wp-json\/wp\/v2\/product\/7367"}],"collection":[{"href":"https:\/\/toragon.vn\/en\/wp-json\/wp\/v2\/product"}],"about":[{"href":"https:\/\/toragon.vn\/en\/wp-json\/wp\/v2\/types\/product"}],"wp:featuredmedia":[{"embeddable":true,"href":"https:\/\/toragon.vn\/en\/wp-json\/wp\/v2\/media\/14204"}],"wp:attachment":[{"href":"https:\/\/toragon.vn\/en\/wp-json\/wp\/v2\/media?parent=7367"}],"curies":[{"name":"wp","href":"https:\/\/api.w.org\/{rel}","templated":true}]}}