


 















{"id":7336,"date":"2022-11-30T01:52:27","date_gmt":"2022-11-29T18:52:27","guid":{"rendered":"https:\/\/toragon.vn\/product\/uncategorized\/fhd-sbsp-meme-edition\/"},"modified":"2024-04-05T00:35:25","modified_gmt":"2024-04-04T17:35:25","slug":"fhd-sbsp-meme-edition","status":"publish","type":"product","link":"https:\/\/toragon.vn\/en\/product\/arttoys\/fhd-sbsp-meme-edition\/","title":{"rendered":"MJ Fhd Sbsp (Meme Edition) &#8211; PCS"},"content":{"rendered":"","protected":false},"excerpt":{"rendered":"<blockquote class=\"fa fa-quote-left\" aria-hidden=\"true\">\n<p style=\"font-family:Tahoma,Arial,Verdana,sans-serif;font-size:11px;font-weight:100;line-height:2;margin-left:15px;margin-right:5px\">\n<em><br \/>\n    &#8220;M\u1ed9t ni\u1ec1m vui b\u1ea5t t\u1eadn v\u1edbi b\u1ed9 s\u01b0u t\u1eadp h\u1ed9p m\u00f9 m\u1edbi g\u1ed3m c\u00e1c meme SpongeBob SquarePants, t\u1ea5t c\u1ea3 \u0111\u1ec1u c\u00f3 phong c\u00e1ch &#8220;&#8221;n\u1eeda s\u00e2u b\u00ean trong&#8221;&#8221; \u0111\u1ed9c \u0111\u00e1o c\u1ee7a Jason Freeny.<br \/>\n    B\u1ed9 s\u01b0u t\u1eadp bao g\u1ed3m 6 nh\u00e2n v\u1eadt th\u00f4ng th\u01b0\u1eddng kh\u00e1c nhau, 2 nh\u00e2n v\u1eadt hi\u1ebfm v\u00e0 1 nh\u00e2n v\u1eadt c\u1ef1c hi\u1ebfm &#8211; b\u1ea1n c\u00f3 ph\u1ea3i l\u00e0 ng\u01b0\u1eddi may m\u1eafn thu th\u1eadp \u0111\u01b0\u1ee3c t\u1ea5t c\u1ea3 kh\u00f4ng?&#8221;\n<\/p>\n<\/blockquote>","protected":false},"featured_media":7281,"template":"","meta":[],"_links":{"self":[{"href":"https:\/\/toragon.vn\/en\/wp-json\/wp\/v2\/product\/7336"}],"collection":[{"href":"https:\/\/toragon.vn\/en\/wp-json\/wp\/v2\/product"}],"about":[{"href":"https:\/\/toragon.vn\/en\/wp-json\/wp\/v2\/types\/product"}],"wp:featuredmedia":[{"embeddable":true,"href":"https:\/\/toragon.vn\/en\/wp-json\/wp\/v2\/media\/7281"}],"wp:attachment":[{"href":"https:\/\/toragon.vn\/en\/wp-json\/wp\/v2\/media?parent=7336"}],"curies":[{"name":"wp","href":"https:\/\/api.w.org\/{rel}","templated":true}]}}