


 















{"id":7235,"date":"2022-10-27T12:15:03","date_gmt":"2022-10-27T05:15:03","guid":{"rendered":"https:\/\/toragon.vn\/?post_type=product&#038;p=7235"},"modified":"2024-04-19T15:48:56","modified_gmt":"2024-04-19T08:48:56","slug":"pm-molly-12-chinese-zodiac","status":"publish","type":"product","link":"https:\/\/toragon.vn\/en\/product\/arttoys\/pm-molly-12-chinese-zodiac\/","title":{"rendered":"PM CHINESE ZODIAC MOLLY &#8211; PCS"},"content":{"rendered":"","protected":false},"excerpt":{"rendered":"<blockquote class=\"fa fa-quote-left\" aria-hidden=\"true\">\n<p style=\"font-family:Tahoma,Arial,Verdana,sans-serif;font-size:11px;font-weight:100;line-height:2;margin-left:15px;margin-right:5px\">\n<em><br \/>\n    Molly 12 Chinese Zodiac d\u1ef1a tr\u00ean 12 con gi\u00e1p c\u1ee7a v\u0103n h\u00f3a Trung Qu\u1ed1c, trong \u0111\u00f3 m\u1ed7i n\u0103m g\u1eafn li\u1ec1n v\u1edbi t\u1eebng con v\u1eadt kh\u00e1c nhau. Nh\u00e2n v\u1eadt c\u00f4 b\u00e9 Molly \u0111\u1ecfng \u0111\u1ea3nh h\u00f3a trang th\u00e0nh 12 con gi\u00e1p v\u1edbi m\u00e0u s\u1eafc v\u00e0 trang ph\u1ee5c t\u01b0\u01a1ng \u1ee9ng. B\u1ed9 s\u01b0u t\u1eadp blindbox bao g\u1ed3m 12 nh\u00e2n v\u1eadt v\u00e0 1 secret\n<\/p>\n<\/blockquote>","protected":false},"featured_media":14270,"template":"","meta":[],"_links":{"self":[{"href":"https:\/\/toragon.vn\/en\/wp-json\/wp\/v2\/product\/7235"}],"collection":[{"href":"https:\/\/toragon.vn\/en\/wp-json\/wp\/v2\/product"}],"about":[{"href":"https:\/\/toragon.vn\/en\/wp-json\/wp\/v2\/types\/product"}],"wp:featuredmedia":[{"embeddable":true,"href":"https:\/\/toragon.vn\/en\/wp-json\/wp\/v2\/media\/14270"}],"wp:attachment":[{"href":"https:\/\/toragon.vn\/en\/wp-json\/wp\/v2\/media?parent=7235"}],"curies":[{"name":"wp","href":"https:\/\/api.w.org\/{rel}","templated":true}]}}