


 















{"id":7229,"date":"2022-10-27T11:33:18","date_gmt":"2022-10-27T04:33:18","guid":{"rendered":"https:\/\/toragon.vn\/?post_type=product&#038;p=7229"},"modified":"2024-04-19T15:48:56","modified_gmt":"2024-04-19T08:48:56","slug":"pm-fluffy-house-mr-white-cloud-series-1","status":"publish","type":"product","link":"https:\/\/toragon.vn\/en\/product\/arttoys\/pm-fluffy-house-mr-white-cloud-series-1\/","title":{"rendered":"PM &#8211; FLUFFY HOUSE SERIES 1 &#8211; PCS"},"content":{"rendered":"","protected":false},"excerpt":{"rendered":"<blockquote class=\"fa fa-quote-left\" aria-hidden=\"true\">\n<p style=\"font-family:Tahoma,Arial,Verdana,sans-serif;font-size:11px;font-weight:100;line-height:2;margin-left:15px;margin-right:5px\">\n<em><br \/>\n    Nh\u1eefng ng\u01b0\u1eddi h\u00e2m m\u1ed9 &#8220;Fluffy House&#8221; \u0111\u00e3 qu\u00e1 mong ch\u1edd s\u00ea-ri Mini Mr.White Cloud Blindbox s\u1eafp s\u1eeda ph\u00e1t h\u00e0nh. To\u00e0n b\u1ed9 gia \u0111\u00ecnh Fluffy House s\u1ebd \u0111\u01b0\u1ee3c thu nh\u1ecf trong s\u00ea-ri, bao g\u1ed3m c\u1ea3 nh\u00e2n v\u1eadt Sunny ho\u00e0n to\u00e0n m\u1edbi. Kh\u00f4ng th\u1ec3 t\u01b0\u1edfng t\u01b0\u1ee3ng \u0111\u01b0\u1ee3c t\u1ea5t c\u1ea3 c\u00e1c nh\u00e2n v\u1eadt \u0111\u01b0\u1ee3c thu nh\u1ecf h\u01a1n s\u1ebd \u0111\u00e1ng y\u00eau th\u1ebf n\u00e0o! B\u1ed9 s\u01b0u t\u1eadp blindbox bao g\u1ed3m 12 nh\u00e2n v\u1eadt v\u00e0 1 secret<\/p>\n<\/blockquote>","protected":false},"featured_media":14278,"template":"","meta":[],"_links":{"self":[{"href":"https:\/\/toragon.vn\/en\/wp-json\/wp\/v2\/product\/7229"}],"collection":[{"href":"https:\/\/toragon.vn\/en\/wp-json\/wp\/v2\/product"}],"about":[{"href":"https:\/\/toragon.vn\/en\/wp-json\/wp\/v2\/types\/product"}],"wp:featuredmedia":[{"embeddable":true,"href":"https:\/\/toragon.vn\/en\/wp-json\/wp\/v2\/media\/14278"}],"wp:attachment":[{"href":"https:\/\/toragon.vn\/en\/wp-json\/wp\/v2\/media?parent=7229"}],"curies":[{"name":"wp","href":"https:\/\/api.w.org\/{rel}","templated":true}]}}