


 















{"id":7227,"date":"2022-10-27T11:31:29","date_gmt":"2022-10-27T04:31:29","guid":{"rendered":"https:\/\/toragon.vn\/?post_type=product&#038;p=7227"},"modified":"2024-04-19T15:48:56","modified_gmt":"2024-04-19T08:48:56","slug":"pm-fluffy-house-mr-white-cloud-series-2","status":"publish","type":"product","link":"https:\/\/toragon.vn\/en\/product\/arttoys\/pm-fluffy-house-mr-white-cloud-series-2\/","title":{"rendered":"PM &#8211; FLUFFY HOUSE SR 2-WINTER EDITION &#8211; PCS"},"content":{"rendered":"","protected":false},"excerpt":{"rendered":"<blockquote class=\"fa fa-quote-left\" aria-hidden=\"true\">\n<p style=\"font-family:Tahoma,Arial,Verdana,sans-serif;font-size:11px;font-weight:100;line-height:2;margin-left:15px;margin-right:5px\">\n<em><br \/>\n    Mr. White Cloud Series 2 Winter Edition l\u00e0 s\u1ef1 h\u1ee3p t\u00e1c gi\u1eefa Fluffy House v\u00e0 Popmart, hai th\u01b0\u01a1ng hi\u1ec7u thi\u1ebft k\u1ebf \u0111\u1ed3 ch\u01a1i n\u1ed5i ti\u1ebfng. \u0110\u00e2y l\u00e0 s\u00ea-ri phi\u00ean b\u1ea3n gi\u1edbi h\u1ea1n g\u1ed3m c\u00e1c nh\u00e2n v\u1eadt \u0111\u00e1ng y\u00eau Mr.White Cloud v\u1edbi v\u1ebb ngo\u00e0i m\u1ec1m m\u1ea1i nh\u01b0 \u0111\u00e1m m\u00e2y v\u00e0 bi\u1ec3u c\u1ea3m th\u00e2n thi\u1ec7n. Mr.White Cloud trong phi\u00ean b\u1ea3n n\u00e0y di\u1ec7n nh\u1eefng b\u1ed9 trang ph\u1ee5c m\u00f9a \u0111\u00f4ng \u1ea5m \u00e1p nh\u01b0: kh\u0103n qu\u00e0ng c\u1ed5, m\u0169 v\u00e0 \u00e1o kho\u00e1c khi\u1ebfn nh\u00e2n v\u1eadt c\u00e0ng tr\u1edf n\u00ean duy\u00ean d\u00e1ng v\u00e0 \u0111\u00e1ng y\u00eau h\u01a1n. B\u1ed9 s\u01b0u t\u1eadp g\u1ed3m 12 thi\u1ebft k\u1ebf kh\u00e1c nhau \u0111i k\u00e8m ph\u1ee5 ki\u1ec7n theo ch\u1ee7 \u0111\u1ec1 m\u00f9a \u0111\u00f4ng \u0111\u1ed9c \u0111\u00e1o. <\/p>\n<\/blockquote>","protected":false},"featured_media":14277,"template":"","meta":[],"_links":{"self":[{"href":"https:\/\/toragon.vn\/en\/wp-json\/wp\/v2\/product\/7227"}],"collection":[{"href":"https:\/\/toragon.vn\/en\/wp-json\/wp\/v2\/product"}],"about":[{"href":"https:\/\/toragon.vn\/en\/wp-json\/wp\/v2\/types\/product"}],"wp:featuredmedia":[{"embeddable":true,"href":"https:\/\/toragon.vn\/en\/wp-json\/wp\/v2\/media\/14277"}],"wp:attachment":[{"href":"https:\/\/toragon.vn\/en\/wp-json\/wp\/v2\/media?parent=7227"}],"curies":[{"name":"wp","href":"https:\/\/api.w.org\/{rel}","templated":true}]}}