


 















{"id":7204,"date":"2022-10-25T23:39:14","date_gmt":"2022-10-25T16:39:14","guid":{"rendered":"https:\/\/toragon.vn\/?post_type=product&#038;p=7204"},"modified":"2024-04-19T15:48:56","modified_gmt":"2024-04-19T08:48:56","slug":"baby-sushi","status":"publish","type":"product","link":"https:\/\/toragon.vn\/en\/product\/arttoys\/baby-sushi\/","title":{"rendered":"POPMART BABY SUSHI MINI SERIES &#8211; PCS"},"content":{"rendered":"","protected":false},"excerpt":{"rendered":"<blockquote class=\"fa fa-quote-left\" aria-hidden=\"true\">\n<p style=\"font-family:Tahoma,Arial,Verdana,sans-serif;font-size:11px;font-weight:100;line-height:2;margin-left:15px;margin-right:5px\">\n<em><br \/>\n    Popmart k\u1ebft h\u1ee3p v\u1edbi ngh\u1ec7 s\u0129 \u0111\u1ebfn t\u1eeb Hong Kong &#8211; Chino Lam cho ra m\u1eaft b\u1ed9 s\u01b0u t\u1eadp Baby Sushi v\u00f4 c\u00f9ng \u1ea5n t\u01b0\u1ee3ng. \u0110i\u1ec1u th\u00fa v\u1ecb \u1edf t\u00e1c ph\u1ea9m l\u00e0 c\u00e1c m\u00f4 h\u00ecnh c\u00f3 k\u00edch th\u01b0\u1edbc v\u1eeba \u0103n theo \u0111\u00fang ngh\u0129a \u0111en v\u1edbi sushi th\u1ef1c t\u1ebf, m\u00f3n \u0103n r\u1ea5t \u0111\u01b0\u1ee3c y\u00eau th\u00edch t\u1ea1i Ch\u00e2u \u00c1. B\u1ed9 s\u01b0u t\u1eadp blindbox bao g\u1ed3m 12 nh\u00e2n v\u1eadt v\u00e0 1 secret<\/p>\n<\/blockquote>","protected":false},"featured_media":14276,"template":"","meta":[],"_links":{"self":[{"href":"https:\/\/toragon.vn\/en\/wp-json\/wp\/v2\/product\/7204"}],"collection":[{"href":"https:\/\/toragon.vn\/en\/wp-json\/wp\/v2\/product"}],"about":[{"href":"https:\/\/toragon.vn\/en\/wp-json\/wp\/v2\/types\/product"}],"wp:featuredmedia":[{"embeddable":true,"href":"https:\/\/toragon.vn\/en\/wp-json\/wp\/v2\/media\/14276"}],"wp:attachment":[{"href":"https:\/\/toragon.vn\/en\/wp-json\/wp\/v2\/media?parent=7204"}],"curies":[{"name":"wp","href":"https:\/\/api.w.org\/{rel}","templated":true}]}}