


 















{"id":7202,"date":"2022-10-25T23:33:47","date_gmt":"2022-10-25T16:33:47","guid":{"rendered":"https:\/\/toragon.vn\/?post_type=product&#038;p=7202"},"modified":"2024-04-19T15:48:56","modified_gmt":"2024-04-19T08:48:56","slug":"molly-bugs","status":"publish","type":"product","link":"https:\/\/toragon.vn\/en\/product\/arttoys\/molly-bugs\/","title":{"rendered":"PM MOLLY BUGS &#8211; PCS"},"content":{"rendered":"","protected":false},"excerpt":{"rendered":"<blockquote class=\"fa fa-quote-left\" aria-hidden=\"true\">\n<p style=\"font-family:Tahoma,Arial,Verdana,sans-serif;font-size:11px;font-weight:100;line-height:2;margin-left:15px;margin-right:5px\">\n<em><br \/>\n    Pop Mart \u0111\u01b0\u1ee3c bao quanh b\u1edfi nh\u1eefng nh\u00e0 thi\u1ebft k\u1ebf gi\u1ecfi nh\u1ea5t v\u00e0 trong s\u1ed1 \u0111\u00f3 c\u00f3 Kenny Wong, b\u00ed danh Kennyswork. Ngh\u1ec7 s\u0129 Trung Qu\u1ed1c k\u00fd v\u00e0o \u0111\u00e2y m\u1ed9t lo\u1ea1t tranh v\u1ec1 nh\u00e2n v\u1eadt y\u00eau th\u00edch c\u1ee7a anh \u1ea5y: Molly. V\u1edbi c\u00e1i b\u0129u m\u00f4i h\u1eddn d\u1ed7i, \u0111\u00f4i m\u1eaft to v\u00e0 h\u00e0ng mi, c\u00f4 \u1ea5y th\u1eadt \u0111\u00e1ng y\u00eau. Lu\u00f4n \u0111\u01b0\u1ee3c di\u1ec5n gi\u1ea3i l\u1ea1i, Molly \u1edf \u0111\u00e2y c\u00f3 v\u1ebb ngo\u00e0i c\u1ee7a c\u00f4n tr\u00f9ng nh\u01b0ng h\u00e3y c\u1ea9n th\u1eadn, ch\u00fang th\u1ef1c s\u1ef1 r\u1ea5t d\u1ec5 th\u01b0\u01a1ng. B\u01b0\u1edbm, ong, chu\u1ed3n chu\u1ed3n v\u00e0 th\u1eadm ch\u00ed c\u1ea3 b\u1ecd r\u00f9a, m\u1ecdi th\u1ee9 \u0111\u00e3 \u0111\u01b0\u1ee3c th\u1ef1c hi\u1ec7n \u0111\u1ec3 h\u00f2a nh\u1eadp b\u1ea1n v\u1edbi th\u1ebf gi\u1edbi c\u1ee7a nh\u1eefng con th\u00fa nh\u1ecf xinh x\u1eafn n\u00e0y. B\u1ed9 s\u01b0u t\u1eadp blindbox bao g\u1ed3m 12 nh\u00e2n v\u1eadt v\u00e0 1 secret\n<\/p>\n<\/blockquote>","protected":false},"featured_media":14272,"template":"","meta":[],"_links":{"self":[{"href":"https:\/\/toragon.vn\/en\/wp-json\/wp\/v2\/product\/7202"}],"collection":[{"href":"https:\/\/toragon.vn\/en\/wp-json\/wp\/v2\/product"}],"about":[{"href":"https:\/\/toragon.vn\/en\/wp-json\/wp\/v2\/types\/product"}],"wp:featuredmedia":[{"embeddable":true,"href":"https:\/\/toragon.vn\/en\/wp-json\/wp\/v2\/media\/14272"}],"wp:attachment":[{"href":"https:\/\/toragon.vn\/en\/wp-json\/wp\/v2\/media?parent=7202"}],"curies":[{"name":"wp","href":"https:\/\/api.w.org\/{rel}","templated":true}]}}