


 















{"id":6855,"date":"2022-06-25T11:21:20","date_gmt":"2022-06-25T04:21:20","guid":{"rendered":"https:\/\/toragon.vn\/?post_type=product&#038;p=6855"},"modified":"2024-04-05T00:35:07","modified_gmt":"2024-04-04T17:35:07","slug":"bearbrick-tokidoki-mermicorno-sirena-1000","status":"publish","type":"product","link":"https:\/\/toragon.vn\/en\/product\/arttoys\/bearbrick-tokidoki-mermicorno-sirena-1000\/","title":{"rendered":"BEARBRICK TOKIDOKI MERMICORNO SIRENA 1000%"},"content":{"rendered":"","protected":false},"excerpt":{"rendered":"<p style=\"text-align: justify\">Tokidoki l\u00e0 m\u1ed9t th\u01b0\u01a1ng hi\u1ec7u n\u1ed5i ti\u1ebfng v\u1edbi c\u00e1c s\u1ea3n ph\u1ea9m mang t\u00ednh th\u1ea9m m\u1ef9 b\u1eaft m\u1eaft. S\u1ef1 th\u00e0nh c\u00f4ng \u0111\u00f3 d\u1ef1a tr\u00ean t\u1ea7m nh\u00ecn c\u1ee7a ngh\u1ec7 s\u0129 ng\u01b0\u1eddi \u00dd Simone Legno v\u00e0 c\u00e1c \u0111\u1ed1i t\u00e1c c\u1ee7a anh \u1ea5y, Pooneh Mohajer v\u00e0 Ivan Arnold. Th\u1eadt kh\u00f3 \u0111\u1ec3 nh\u1eadn \u0111\u1ecbnh c\u00e1c nh\u00e2n v\u1eadt m\u00e0 h\u1ecd s\u00e1ng t\u1ea1o ra l\u00e0 nh\u1eefng t\u00ean &#8220;t\u1ed9i ph\u1ea1m d\u1ec5 th\u01b0\u01a1ng&#8221; hay &#8220;ph\u1ea1m t\u1ed9i qu\u00e1 d\u1ec5 th\u01b0\u01a1ng&#8221;. <\/p>\n<p>V\u1edbi c\u00e1c y\u1ebfu t\u1ed1 l\u00e0m n\u00ean th\u01b0\u01a1ng hi\u1ec7u c\u1ee7a Tokidoki, Medicom toy \u0111\u00e3 cho ra m\u1eaft m\u1ed9t Bearbrick phi\u00ean b\u1ea3n gi\u1edbi h\u1ea1n Tokidoki x Be@rbrick Sirena 1000%. Phi\u00ean b\u1ea3n Bearbrick n\u00e0y l\u00f4i cu\u1ed1n \u00e1nh nh\u00ecn v\u1edbi m\u00e0u xanh r\u1ef1c r\u1ee1 v\u00e0 c\u00e1c h\u00ecnh \u1ea3nh minh h\u1ecda nh\u00e2n v\u1eadt \u0111\u1eb7c tr\u01b0ng c\u1ee7a Tokidoki. <\/p>\n<p><strong style=\"color: #fcce23\"><\/p>\n<p>&#8212;&#8212;&#8212;&#8212;&#8212;-<\/p>\n<p>Address: 140 L\u00fd Ch\u00ednh Th\u1eafng, ph\u01b0\u1eddng V\u00f5 Th\u1ecb S\u00e1u, qu\u1eadn 3, TPHCM<\/p>\n<p><a href=\"tel:02866505565\" style=\"color: #fcce23\">Hotline: 028 6650 5565<\/a><\/p>\n<p><a href=\"https:\/\/toragon.vn\/en\/\" style=\"color: #fcce23\">Website: toragon.vn<\/a><\/p>\n<p>Open: 8:30AM &#8211; 9:00PM<\/strong><\/p>","protected":false},"featured_media":6856,"template":"","meta":[],"_links":{"self":[{"href":"https:\/\/toragon.vn\/en\/wp-json\/wp\/v2\/product\/6855"}],"collection":[{"href":"https:\/\/toragon.vn\/en\/wp-json\/wp\/v2\/product"}],"about":[{"href":"https:\/\/toragon.vn\/en\/wp-json\/wp\/v2\/types\/product"}],"wp:featuredmedia":[{"embeddable":true,"href":"https:\/\/toragon.vn\/en\/wp-json\/wp\/v2\/media\/6856"}],"wp:attachment":[{"href":"https:\/\/toragon.vn\/en\/wp-json\/wp\/v2\/media?parent=6855"}],"curies":[{"name":"wp","href":"https:\/\/api.w.org\/{rel}","templated":true}]}}