


 















{"id":6648,"date":"2022-05-25T01:01:32","date_gmt":"2022-05-24T18:01:32","guid":{"rendered":"https:\/\/toragon.vn\/?post_type=product&#038;p=6648"},"modified":"2024-04-19T15:48:43","modified_gmt":"2024-04-19T08:48:43","slug":"royal-selangor-limited-edition-endgame-iron-man-mark-85-life-size-replica","status":"publish","type":"product","link":"https:\/\/toragon.vn\/en\/product\/arttoys\/royal-selangor-limited-edition-endgame-iron-man-mark-85-life-size-replica\/","title":{"rendered":"Limited Edition Endgame Iron Man Mark 85 Life-size Replica"},"content":{"rendered":"","protected":false},"excerpt":{"rendered":"<p>[ROYAL SELANGOR] Limited Edition Endgame Iron Man Mark 85 Life-size Replica \ud83d\udd25<\/p>\n<p>&#8212;&#8212;&#8212;&#8212;&#8212;-<\/p>\n<p>\u26a1\ufe0f L\u00e0 m\u1ed9t phi\u00ean b\u1ea3n gi\u1edbi h\u1ea1n ch\u1ec9 c\u00f3 s\u1ed1 l\u01b0\u1ee3ng 30 m\u1eabu tr\u00ean to\u00e0n th\u1ebf gi\u1edbi \u0111\u01b0\u1ee3c \u0111\u00e1nh s\u1ed1 th\u1ee9 t\u1ef1. <\/p>\n<p>\u26a1\ufe0f K\u00edch th\u01b0\u1edbc Life &#8211; size mang t\u1ef7 l\u1ec7 1\/1 cho ch\u00fang ta c\u1ea3m gi\u00e1c ho\u00e0n to\u00e0n &#8220;real&#8221; \u0111\u1ebfn t\u1eebng chi ti\u1ebft<\/p>\n<p>\u26a1\ufe0f Ch\u1ea5t li\u1ec7u Fiberglass \u0111\u01b0\u1ee3c ph\u1ee7 kim lo\u1ea1i b\u1eb1ng pewter m\u1ecbn \u0111\u1ec3 m\u00f4 ph\u1ecfng c\u1ea5u tr\u00fac b\u00ean ngo\u00e0i v\u1ed1n c\u00f3 c\u1ee7a b\u1ed9 Mark 85, c\u00e1c m\u1ea3nh \u00e1o gi\u00e1p \u0111\u01b0\u1ee3c ph\u1ee7 b\u1eb1ng \u0111\u1ed3ng thau v\u00e0 \u0111\u1ed3ng. <\/p>\n<p>\u26a1\ufe0f C\u00e1c Vi\u00ean \u0111\u00e1 V\u00f4 c\u1ef1c \u0111\u01b0\u1ee3c \u0111\u00ednh trong G\u0103ng tay Nano c\u1ee7a b\u1ed9 \u0111\u1ed3.  B\u00ean c\u1ea1nh \u0111\u00f3 l\u00f2 ph\u1ea3n \u1ee9ng v\u00f2ng cung \u1edf ng\u1ef1c c\u0169ng nh\u01b0 c\u00e1c n\u00fat \u0111\u1ea9y c\u1ee7a g\u0103ng tay, \u0111\u1ec1u \u0111\u01b0\u1ee3c g\u1eafn \u0111\u00e8n LED nh\u01b0 th\u1ec3 \u0111ang trong tr\u1ea1ng th\u00e1i ho\u1ea1t \u0111\u1ed9ng. <\/p>\n<p>\ud83d\udd34 Nh\u1eefng b\u1ee9c t\u01b0\u1ee3ng v\u1edbi t\u1ef7 1\/1 c\u1ee7a Beast Kingdom lu\u00f4n l\u00e0 \u0111i\u1ec3m nh\u1ea5n t\u1ea1i c\u00e1c bu\u1ed5i ra m\u1eaft v\u00e0 tri\u1ec3n l\u00e3m phim truy\u1ec7n l\u1edbn tr\u00ean kh\u1eafp th\u1ebf gi\u1edbi. <\/p>\n<p><strong style=\"color: #fcce23\"><\/p>\n<p>&#8212;&#8212;&#8212;&#8212;&#8212;-<\/p>\n<p>Address: 140 L\u00fd Ch\u00ednh Th\u1eafng, ph\u01b0\u1eddng V\u00f5 Th\u1ecb S\u00e1u, qu\u1eadn 3, TPHCM<\/p>\n<p><a href=\"tel:02866505565\" style=\"color: #fcce23\">Hotline: 028 6650 5565<\/a><\/p>\n<p><a href=\"https:\/\/toragon.vn\/en\/\" style=\"color: #fcce23\">Website: toragon.vn<\/a><\/p>\n<p>Open: 8:30AM &#8211; 9:00PM<\/strong><\/p>","protected":false},"featured_media":6649,"template":"","meta":[],"_links":{"self":[{"href":"https:\/\/toragon.vn\/en\/wp-json\/wp\/v2\/product\/6648"}],"collection":[{"href":"https:\/\/toragon.vn\/en\/wp-json\/wp\/v2\/product"}],"about":[{"href":"https:\/\/toragon.vn\/en\/wp-json\/wp\/v2\/types\/product"}],"wp:featuredmedia":[{"embeddable":true,"href":"https:\/\/toragon.vn\/en\/wp-json\/wp\/v2\/media\/6649"}],"wp:attachment":[{"href":"https:\/\/toragon.vn\/en\/wp-json\/wp\/v2\/media?parent=6648"}],"curies":[{"name":"wp","href":"https:\/\/api.w.org\/{rel}","templated":true}]}}