


 















{"id":5019,"date":"2021-11-26T15:49:35","date_gmt":"2021-11-26T08:49:35","guid":{"rendered":"https:\/\/toragon.vn\/?post_type=product&#038;p=5019"},"modified":"2024-04-05T00:33:50","modified_gmt":"2024-04-04T17:33:50","slug":"berbrick-grateful-dead-dancing-bear","status":"publish","type":"product","link":"https:\/\/toragon.vn\/en\/product\/arttoys\/berbrick-grateful-dead-dancing-bear\/","title":{"rendered":"BE@RBRICK GRATEFUL DEAD (DANCING BEAR)"},"content":{"rendered":"<p><strong>PREORDER NOV 2021<\/strong><br \/>\n&#8212;&#8212;&#8212;&#8212;&#8212;&#8212;&#8212;&#8212;&#8212;&#8212;&#8212;&#8212;&#8212;&#8212;&#8212;&#8212;&#8211;<br \/>\nGi\u00e1 b\u00e1n \u0111\u1ebfn 07\/12\/2021<br \/>\nGi\u00e1: 4,188,000 \u0111<br \/>\n&#8212;&#8212;&#8212;&#8212;&#8212;&#8212;&#8212;&#8212;&#8212;&#8212;&#8212;&#8212;&#8212;&#8212;&#8212;&#8212;&#8211;<br \/>\nT\u1eeb 08\/12\/2021 &#8211; 07\/01\/2022<br \/>\nGi\u00e1: 4,606,800 \u0111<br \/>\n&#8212;&#8212;&#8212;&#8212;&#8212;&#8212;&#8212;&#8212;&#8212;&#8212;&#8212;&#8212;&#8212;&#8212;&#8212;&#8212;&#8211;<br \/>\nT\u1eeb 08\/01\/2022 &#8211; 07\/02\/2022<br \/>\nGi\u00e1: 5,067,480 \u0111<br \/>\n&#8212;&#8212;&#8212;&#8212;&#8212;&#8212;&#8212;&#8212;&#8212;&#8212;&#8212;&#8212;&#8212;&#8212;&#8212;&#8212;&#8211;<br \/>\nSau 07\/02\/2022<br \/>\nGi\u00e1: 6,080,976 \u0111<br \/>\n&#8212;&#8212;&#8212;&#8212;&#8212;&#8212;&#8212;&#8212;&#8212;&#8212;&#8212;&#8212;&#8212;&#8212;&#8212;&#8212;&#8211;<br \/>\n<strong style=\"color: red\">D\u1ef0 KI\u1ebeN H\u00c0NG V\u1ec0: Aug 2022<\/strong><br \/>\n&#8212;&#8212;&#8212;&#8212;&#8212;&#8212;&#8212;&#8212;&#8212;&#8212;&#8212;&#8212;&#8212;&#8212;&#8212;&#8212;&#8211;<\/p>","protected":false},"excerpt":{"rendered":"<p>PREORDER NOV 2021 &#8212;&#8212;&#8212;&#8212;&#8212;&#8212;&#8212;&#8212;&#8212;&#8212;&#8212;&#8212;&#8212;&#8212;&#8212;&#8212;&#8211; Gi\u00e1 b\u00e1n \u0111\u1ebfn 07\/12\/2021 Gi\u00e1: 4,188,000 \u0111 &#8212;&#8212;&#8212;&#8212;&#8212;&#8212;&#8212;&#8212;&#8212;&#8212;&#8212;&#8212;&#8212;&#8212;&#8212;&#8212;&#8211; T\u1eeb 08\/12\/2021 &#8211; 07\/01\/2022 Gi\u00e1: 4,606,800 \u0111 &#8212;&#8212;&#8212;&#8212;&#8212;&#8212;&#8212;&#8212;&#8212;&#8212;&#8212;&#8212;&#8212;&#8212;&#8212;&#8212;&#8211; T\u1eeb 08\/01\/2022 &#8211; 07\/02\/2022 Gi\u00e1: 5,067,480 \u0111 &#8212;&#8212;&#8212;&#8212;&#8212;&#8212;&#8212;&#8212;&#8212;&#8212;&#8212;&#8212;&#8212;&#8212;&#8212;&#8212;&#8211; Sau 07\/02\/2022 Gi\u00e1: 6,080,976 \u0111 &#8212;&#8212;&#8212;&#8212;&#8212;&#8212;&#8212;&#8212;&#8212;&#8212;&#8212;&#8212;&#8212;&#8212;&#8212;&#8212;&#8211; D\u1ef0 KI\u1ebeN H\u00c0NG V\u1ec0: Aug 2022 &#8212;&#8212;&#8212;&#8212;&#8212;&#8212;&#8212;&#8212;&#8212;&#8212;&#8212;&#8212;&#8212;&#8212;&#8212;&#8212;&#8211;<\/p>","protected":false},"featured_media":5020,"template":"","meta":[],"_links":{"self":[{"href":"https:\/\/toragon.vn\/en\/wp-json\/wp\/v2\/product\/5019"}],"collection":[{"href":"https:\/\/toragon.vn\/en\/wp-json\/wp\/v2\/product"}],"about":[{"href":"https:\/\/toragon.vn\/en\/wp-json\/wp\/v2\/types\/product"}],"wp:featuredmedia":[{"embeddable":true,"href":"https:\/\/toragon.vn\/en\/wp-json\/wp\/v2\/media\/5020"}],"wp:attachment":[{"href":"https:\/\/toragon.vn\/en\/wp-json\/wp\/v2\/media?parent=5019"}],"curies":[{"name":"wp","href":"https:\/\/api.w.org\/{rel}","templated":true}]}}