


 















{"id":1715,"date":"2021-06-01T16:53:00","date_gmt":"2021-06-01T09:53:00","guid":{"rendered":"https:\/\/tigertoyz.com\/?post_type=product&#038;p=1715"},"modified":"2024-04-05T00:29:54","modified_gmt":"2024-04-04T17:29:54","slug":"hop-mica-400-co-den","status":"publish","type":"product","link":"https:\/\/toragon.vn\/en\/product\/arttoys\/hop-mica-400-co-den\/","title":{"rendered":"H\u1ed8P MICA 400% (C\u00d3 \u0110\u00c8N)"},"content":{"rendered":"","protected":false},"excerpt":{"rendered":"","protected":false},"featured_media":1716,"template":"","meta":[],"_links":{"self":[{"href":"https:\/\/toragon.vn\/en\/wp-json\/wp\/v2\/product\/1715"}],"collection":[{"href":"https:\/\/toragon.vn\/en\/wp-json\/wp\/v2\/product"}],"about":[{"href":"https:\/\/toragon.vn\/en\/wp-json\/wp\/v2\/types\/product"}],"wp:featuredmedia":[{"embeddable":true,"href":"https:\/\/toragon.vn\/en\/wp-json\/wp\/v2\/media\/1716"}],"wp:attachment":[{"href":"https:\/\/toragon.vn\/en\/wp-json\/wp\/v2\/media?parent=1715"}],"curies":[{"name":"wp","href":"https:\/\/api.w.org\/{rel}","templated":true}]}}