


 















{"id":1657,"date":"2021-05-31T09:15:20","date_gmt":"2021-05-31T02:15:20","guid":{"rendered":"https:\/\/tigertoyz.com\/?post_type=product&#038;p=1657"},"modified":"2024-04-19T15:48:44","modified_gmt":"2024-04-19T08:48:44","slug":"putitto-rilakkuma-vol-2","status":"publish","type":"product","link":"https:\/\/toragon.vn\/en\/product\/arttoys\/putitto-rilakkuma-vol-2\/","title":{"rendered":"PUTITTO RILAKKUMA VOL 2 &#8211; PCS"},"content":{"rendered":"","protected":false},"excerpt":{"rendered":"<blockquote class=\"fa fa-quote-left\" aria-hidden=\"true\">\n<p style=\"font-family:Tahoma,Arial,Verdana,sans-serif;font-size:11px;font-weight:100;line-height:2;margin-left:15px;margin-right:5px\">\n<em><br \/>\nB\u01b0\u1edbc v\u00e0o c\u1eeda h\u00e0ng c\u1ee7a ch\u00fang t\u00f4i \u0111\u1ec3 t\u1eadn h\u01b0\u1edfng nh\u1eefng ch\u00fa g\u1ea5u &#8220;Rilakkuma&#8221; \u0111\u00e1ng y\u00eau. B\u1ed9 s\u01b0u t\u1eadp g\u1ed3m 5 phi\u00ean b\u1ea3n &#8220;Rilakkuma&#8221; trong nh\u1eefng t\u01b0 th\u1ebf kh\u00e1c nhau: th\u01b0 gi\u00e3n, Rilakkuma v\u1edbi Kiiroitori, Korilakkuma v\u1edbi Kiiroitori, Rilakkuma v\u1edbi Korilakkuma v\u00e0 Rilakkuma v\u1edbi m\u1ed9t h\u1ed9p b\u00e1nh n\u01b0\u1edbng. \u0110\u01b0\u1ee3c thi\u1ebft k\u1ebf \u0111\u1eb7t tr\u00ean c\u00e1c c\u1ea1nh ph\u1eb3ng, m\u1ecfng nh\u01b0 ly, c\u1ed1c,&#8230; B\u1ed9 s\u01b0u t\u1eadp blindbox ng\u1eabu nhi\u00ean\n<\/p>\n<\/blockquote>","protected":false},"featured_media":1658,"template":"","meta":[],"_links":{"self":[{"href":"https:\/\/toragon.vn\/en\/wp-json\/wp\/v2\/product\/1657"}],"collection":[{"href":"https:\/\/toragon.vn\/en\/wp-json\/wp\/v2\/product"}],"about":[{"href":"https:\/\/toragon.vn\/en\/wp-json\/wp\/v2\/types\/product"}],"wp:featuredmedia":[{"embeddable":true,"href":"https:\/\/toragon.vn\/en\/wp-json\/wp\/v2\/media\/1658"}],"wp:attachment":[{"href":"https:\/\/toragon.vn\/en\/wp-json\/wp\/v2\/media?parent=1657"}],"curies":[{"name":"wp","href":"https:\/\/api.w.org\/{rel}","templated":true}]}}