


 















{"id":1655,"date":"2021-05-31T09:14:29","date_gmt":"2021-05-31T02:14:29","guid":{"rendered":"https:\/\/tigertoyz.com\/?post_type=product&#038;p=1655"},"modified":"2024-04-19T15:48:44","modified_gmt":"2024-04-19T08:48:44","slug":"putitto-rilakkuma-vol-3","status":"publish","type":"product","link":"https:\/\/toragon.vn\/en\/product\/arttoys\/putitto-rilakkuma-vol-3\/","title":{"rendered":"PUTITTO RILAKKUMA VOL 3 &#8211; PCS"},"content":{"rendered":"","protected":false},"excerpt":{"rendered":"<blockquote class=\"fa fa-quote-left\" aria-hidden=\"true\">\n<p style=\"font-family:Tahoma,Arial,Verdana,sans-serif;font-size:11px;font-weight:100;line-height:2;margin-left:15px;margin-right:5px\">\n<em><br \/>\nPUTITTO l\u00e0 th\u01b0\u01a1ng hi\u1ec7u m\u00f4 h\u00ecnh \u0111\u1ed3 ch\u01a1i \u0111\u01b0\u1ee3c s\u1ea3n xu\u1ea5t b\u1edfi Kitan Club n\u1ed5i ti\u1ebfng v\u1edbi d\u00f2ng s\u1ea3n ph\u1ea9m &#8220;Cup on Fuchiko&#8221; (Fuchiko tr\u00ean chi\u1ebfc c\u1ed1c). L\u1ea7n n\u00e0y, nh\u00e2n v\u1eadt g\u1ea5u &#8220;Rilakkuma&#8221; n\u1ed5i ti\u1ebfng k\u1ef7 ni\u1ec7m 15 n\u0103m th\u00e0nh l\u1eadp s\u1ebd \u0111\u01b0\u1ee3c th\u00eam v\u00e0o s\u00ea-ri. N\u0103m m\u00f4 h\u00ecnh nh\u00e2n v\u1eadt \u0111\u01b0\u1ee3c t\u1ea1o ra theo 5 h\u00ecnh d\u00e1ng kh\u00e1c nhau theo ch\u1ee7 \u0111\u1ec1 &#8220;Ti\u1ec7c tr\u00e0 d\u00e2u&#8221;. B\u1ed9 s\u01b0u t\u1eadp blindbox ng\u1eabu nhi\u00ean\n<\/p>\n<\/blockquote>","protected":false},"featured_media":1656,"template":"","meta":[],"_links":{"self":[{"href":"https:\/\/toragon.vn\/en\/wp-json\/wp\/v2\/product\/1655"}],"collection":[{"href":"https:\/\/toragon.vn\/en\/wp-json\/wp\/v2\/product"}],"about":[{"href":"https:\/\/toragon.vn\/en\/wp-json\/wp\/v2\/types\/product"}],"wp:featuredmedia":[{"embeddable":true,"href":"https:\/\/toragon.vn\/en\/wp-json\/wp\/v2\/media\/1656"}],"wp:attachment":[{"href":"https:\/\/toragon.vn\/en\/wp-json\/wp\/v2\/media?parent=1655"}],"curies":[{"name":"wp","href":"https:\/\/api.w.org\/{rel}","templated":true}]}}