


 















{"id":1650,"date":"2021-05-31T09:12:10","date_gmt":"2021-05-31T02:12:10","guid":{"rendered":"https:\/\/tigertoyz.com\/?post_type=product&#038;p=1650"},"modified":"2024-04-19T15:48:44","modified_gmt":"2024-04-19T08:48:44","slug":"putitto-sumikko-4","status":"publish","type":"product","link":"https:\/\/toragon.vn\/en\/product\/arttoys\/putitto-sumikko-4\/","title":{"rendered":"PUTITTO SUMIKKO 4 &#8211; PCS"},"content":{"rendered":"","protected":false},"excerpt":{"rendered":"<blockquote class=\"fa fa-quote-left\" aria-hidden=\"true\">\n<p style=\"font-family:Tahoma,Arial,Verdana,sans-serif;font-size:11px;font-weight:100;line-height:2;margin-left:15px;margin-right:5px\">\n<em><br \/>\nSumikko Gurashi l\u00e0 tuy\u1ebfn nh\u00e2n v\u1eadt \u0111\u00e1ng y\u00eau c\u1ee7a San-X-b\u1eadc th\u1ea7y thi\u1ebft k\u1ebf nh\u1eefng t\u1ea1o h\u00ecnh \u0111\u00e1ng y\u00eau. Sinh v\u1eadt nh\u1ecf d\u1ec5 th\u01b0\u01a1ng th\u00edch thu m\u00ecnh v\u00e0o m\u1ed9t g\u00f3c. Trong ti\u1ebfng Nh\u1eadt &#8220;Sumikko&#8221; c\u00f3 ngh\u0129a l\u00e0 g\u00f3c, v\u00e0 &#8220;Gurashi&#8221; ngh\u0129a l\u00e0 cu\u1ed9c s\u1ed1ng. Sumkko Gurashi mang \u00fd ngh\u0129a &#8220;cu\u1ed9c s\u1ed1ng kh\u00e9p m\u00ecnh, n\u1ed9i t\u00e2m&#8221;. B\u1ed9 s\u01b0u t\u1eadp blindbox ng\u1eabu nhi\u00ean\n<\/p>\n<\/blockquote>","protected":false},"featured_media":1651,"template":"","meta":[],"_links":{"self":[{"href":"https:\/\/toragon.vn\/en\/wp-json\/wp\/v2\/product\/1650"}],"collection":[{"href":"https:\/\/toragon.vn\/en\/wp-json\/wp\/v2\/product"}],"about":[{"href":"https:\/\/toragon.vn\/en\/wp-json\/wp\/v2\/types\/product"}],"wp:featuredmedia":[{"embeddable":true,"href":"https:\/\/toragon.vn\/en\/wp-json\/wp\/v2\/media\/1651"}],"wp:attachment":[{"href":"https:\/\/toragon.vn\/en\/wp-json\/wp\/v2\/media?parent=1650"}],"curies":[{"name":"wp","href":"https:\/\/api.w.org\/{rel}","templated":true}]}}