


 















{"id":13466,"date":"2023-12-14T16:56:12","date_gmt":"2023-12-14T09:56:12","guid":{"rendered":"https:\/\/toragon.vn\/product\/uncategorized\/pm-auspicious-animal-series-pcs\/"},"modified":"2024-04-19T15:48:56","modified_gmt":"2024-04-19T08:48:56","slug":"pm-auspicious-animal-series-pcs","status":"publish","type":"product","link":"https:\/\/toragon.vn\/en\/product\/arttoys\/pm-auspicious-animal-series-pcs\/","title":{"rendered":"PM AUSPICIOUS ANIMAL SERIES &#8211; PCS"},"content":{"rendered":"","protected":false},"excerpt":{"rendered":"<blockquote class=\"fa fa-quote-left\" aria-hidden=\"true\">\n<p style=\"font-family:Tahoma,Arial,Verdana,sans-serif;font-size:11px;font-weight:100;line-height:2;margin-left:15px;margin-right:5px\">\n<em><br \/>\n    B\u1ed9 s\u01b0u t\u1eadp &#8220;MOLLY AUSPICIOUS CREATURE&#8221; c\u00f3 thi\u1ebft k\u1ebf nh\u00e2n v\u1eadt Molly trong h\u00ecnh d\u00e1ng c\u00e1c lo\u00e0i \u0111\u1ed9ng v\u1eadt kh\u00e1c nhau m\u00e0 theo truy\u1ec1n th\u1ed1ng \u0111\u01b0\u1ee3c coi l\u00e0 may m\u1eafn trong v\u0103n h\u00f3a Trung Qu\u1ed1c ch\u1eb3ng h\u1ea1n nh\u01b0: r\u1ed3ng, ph\u01b0\u1ee3ng ho\u00e0ng v\u00e0 k\u1ef3 l\u00e2n. T\u00e1c ph\u1ea9m \u0111\u01b0\u1ee3c ho\u00e0n thi\u1ec7n v\u1edbi c\u00e1c chi ti\u1ebft ph\u1ee9c t\u1ea1p v\u00e0 m\u00e0u s\u1eafc t\u01b0\u01a1i s\u00e1ng. B\u1ed9 s\u01b0u t\u1eadp \u0111\u01b0\u1ee3c ph\u00e1t h\u00e0nh h\u1ea1n ch\u1ebf khi\u1ebfn c\u00e1c nh\u00e0 s\u01b0u t\u1ea7m truy l\u00f9ng r\u00e1o ri\u1ebft. B\u1ed9 s\u01b0u t\u1eadp blindbox bao g\u1ed3m 12 nh\u00e2n v\u1eadt v\u00e0 1 secret\n<\/p>\n<\/blockquote>","protected":false},"featured_media":14269,"template":"","meta":[],"_links":{"self":[{"href":"https:\/\/toragon.vn\/en\/wp-json\/wp\/v2\/product\/13466"}],"collection":[{"href":"https:\/\/toragon.vn\/en\/wp-json\/wp\/v2\/product"}],"about":[{"href":"https:\/\/toragon.vn\/en\/wp-json\/wp\/v2\/types\/product"}],"wp:featuredmedia":[{"embeddable":true,"href":"https:\/\/toragon.vn\/en\/wp-json\/wp\/v2\/media\/14269"}],"wp:attachment":[{"href":"https:\/\/toragon.vn\/en\/wp-json\/wp\/v2\/media?parent=13466"}],"curies":[{"name":"wp","href":"https:\/\/api.w.org\/{rel}","templated":true}]}}