


 















{"id":12094,"date":"2023-06-26T16:05:03","date_gmt":"2023-06-26T09:05:03","guid":{"rendered":"https:\/\/toragon.vn\/?post_type=product&#038;p=12094"},"modified":"2024-04-19T15:48:06","modified_gmt":"2024-04-19T08:48:06","slug":"sloggu-the-office","status":"publish","type":"product","link":"https:\/\/toragon.vn\/en\/product\/arttoys\/sloggu-the-office\/","title":{"rendered":"SLOGGU: THE OFFICE &#8211; PCS"},"content":{"rendered":"","protected":false},"excerpt":{"rendered":"<blockquote class=\"fa fa-quote-left\" aria-hidden=\"true\">\n<p style=\"font-family:Tahoma,Arial,Verdana,sans-serif;font-size:11px;font-weight:100;line-height:2;margin-left:15px;margin-right:5px\">\n<em><br \/>\n    9 Sloggus kh\u00e1c nhau l\u00e0m vi\u1ec7c t\u1ea1i v\u0103n ph\u00f2ng\u2014suy ngh\u0129 v\u00e0 c\u1ea3m x\u00fac b\u00ean trong c\u1ee7a m\u1ed7i t\u00ednh c\u00e1ch th\u1ec3 hi\u1ec7n qua ngo\u1ea1i h\u00ecnh c\u1ee7a h\u1ecd! T\u1eeb Freddy \u0111\u1ea7u chu\u1ed1i ch\u00e1n n\u1ea3n \u0111\u1ebfn Chad c\u1ef1c k\u1ef3 c\u1ea1nh tranh, b\u1ea1n s\u1ebd t\u00ecm th\u1ea5y \u0111\u1ee7 lo\u1ea1i nh\u00e2n vi\u00ean v\u0103n ph\u00f2ng trong lo\u1ea1t phim FunBoxx n\u00e0y. B\u1ed9 s\u01b0u t\u1eadp blindbox bao g\u1ed3m 9 nh\u00e2n v\u1eadt v\u00e0 1 secret<\/p>\n<\/blockquote>","protected":false},"featured_media":14102,"template":"","meta":[],"_links":{"self":[{"href":"https:\/\/toragon.vn\/en\/wp-json\/wp\/v2\/product\/12094"}],"collection":[{"href":"https:\/\/toragon.vn\/en\/wp-json\/wp\/v2\/product"}],"about":[{"href":"https:\/\/toragon.vn\/en\/wp-json\/wp\/v2\/types\/product"}],"wp:featuredmedia":[{"embeddable":true,"href":"https:\/\/toragon.vn\/en\/wp-json\/wp\/v2\/media\/14102"}],"wp:attachment":[{"href":"https:\/\/toragon.vn\/en\/wp-json\/wp\/v2\/media?parent=12094"}],"curies":[{"name":"wp","href":"https:\/\/api.w.org\/{rel}","templated":true}]}}