


 















{"id":12092,"date":"2023-06-26T16:01:40","date_gmt":"2023-06-26T09:01:40","guid":{"rendered":"https:\/\/toragon.vn\/?post_type=product&#038;p=12092"},"modified":"2024-04-19T15:48:06","modified_gmt":"2024-04-19T08:48:06","slug":"freenys-hidden-dissectibles-minions-series-01-vacay-edition-sea","status":"publish","type":"product","link":"https:\/\/toragon.vn\/en\/product\/arttoys\/freenys-hidden-dissectibles-minions-series-01-vacay-edition-sea\/","title":{"rendered":"MJ FHD MINIONS SR 01 &#8211; VACAY EDITION &#8211; SEA &#8211; PCS"},"content":{"rendered":"","protected":false},"excerpt":{"rendered":"<blockquote class=\"fa fa-quote-left\" aria-hidden=\"true\">\n<p style=\"font-family:Tahoma,Arial,Verdana,sans-serif;font-size:11px;font-weight:100;line-height:2;margin-left:15px;margin-right:5px\">\n<em><br \/>\n    \u0110\u00e3 \u0111\u1ebfn l\u00fac c\u00e1c tay sai m\u00e0u v\u00e0ng y\u00eau th\u00edch c\u1ee7a ch\u00fang ta ngh\u1ec9 ng\u01a1i v\u00e0 h\u1ecd \u0111\u00e3 s\u1eb5n s\u00e0ng t\u1ed5 ch\u1ee9c ti\u1ec7c t\u00f9ng b\u00ean b\u00e3i bi\u1ec3n! Carl c\u00f3 \u00e2m nh\u1ea1c, Jerry c\u00f3 b\u00f3ng bay, v\u00e0 Dave\u2026 ch\u1ec9 l\u00e0 Dave m\u00e0 th\u00f4i. Nh\u01b0ng ch\u1edd \u0111\u00e3, c\u1ea3 nh\u00f3m \u0111\u00e3 b\u1ecb Evil Minion x\u00e2m nh\u1eadp! Th\u1eadt t\u1ed1t khi Phil v\u00e0 Stuart s\u1eb5n s\u00e0ng \u0111\u00e1nh l\u1ea1c h\u01b0\u1edbng anh \u1ea5y b\u1eb1ng Cola v\u00e0 tr\u00e1i c\u00e2y. V\u00e0 trong khi t\u1ea5t c\u1ea3 nh\u1eefng \u0111i\u1ec1u n\u00e0y \u0111ang di\u1ec5n ra, b\u1ea3n th\u00e2n Vua Bob c\u1ef1c hi\u1ebfm ch\u1ec9 c\u01b0\u1eddi m\u1ed9t b\u00ean! B\u1ed9 s\u01b0u t\u1eadp blindbox ng\u1eabu nhi\u00ean\n<\/p>\n<\/blockquote>","protected":false},"featured_media":14101,"template":"","meta":[],"_links":{"self":[{"href":"https:\/\/toragon.vn\/en\/wp-json\/wp\/v2\/product\/12092"}],"collection":[{"href":"https:\/\/toragon.vn\/en\/wp-json\/wp\/v2\/product"}],"about":[{"href":"https:\/\/toragon.vn\/en\/wp-json\/wp\/v2\/types\/product"}],"wp:featuredmedia":[{"embeddable":true,"href":"https:\/\/toragon.vn\/en\/wp-json\/wp\/v2\/media\/14101"}],"wp:attachment":[{"href":"https:\/\/toragon.vn\/en\/wp-json\/wp\/v2\/media?parent=12092"}],"curies":[{"name":"wp","href":"https:\/\/api.w.org\/{rel}","templated":true}]}}