


 















{"id":12090,"date":"2023-06-26T15:57:05","date_gmt":"2023-06-26T08:57:05","guid":{"rendered":"https:\/\/toragon.vn\/?post_type=product&#038;p=12090"},"modified":"2024-04-19T15:48:06","modified_gmt":"2024-04-19T08:48:06","slug":"kandy-x-sanrio-ft-jason-freeny-series-02-choco-edition-sea","status":"publish","type":"product","link":"https:\/\/toragon.vn\/en\/product\/arttoys\/kandy-x-sanrio-ft-jason-freeny-series-02-choco-edition-sea\/","title":{"rendered":"KANDY X SANRIO FT. JF SR 02 (CHOCO EDITION) &#8211; PCS"},"content":{"rendered":"","protected":false},"excerpt":{"rendered":"<blockquote class=\"fa fa-quote-left\" aria-hidden=\"true\">\n<p style=\"font-family:Tahoma,Arial,Verdana,sans-serif;font-size:11px;font-weight:100;line-height:2;margin-left:15px;margin-right:5px\">\n<em><br \/>\n    T\u1ea5t c\u1ea3 c\u00e1c nh\u00e2n v\u1eadt Sanrio y\u00eau th\u00edch c\u1ee7a b\u1ea1n \u0111\u1ec1u c\u00f3 \u1edf \u0111\u00e2y trong b\u1ed9 s\u01b0u t\u1eadp h\u1ed9p m\u00f9 m\u1edbi &#8211; Kandy x Sanrio ft. Jason Freeny. \u0110\u00f3 l\u00e0 b\u1ed9 s\u01b0u t\u1eadp ng\u1ecdt ng\u00e0o nh\u1ea5t c\u1ee7a ch\u00fang t\u00f4i! L\u1ea5y c\u1ea3m h\u1ee9ng t\u1eeb m\u00f3n k\u1eb9o y\u00eau th\u00edch c\u1ee7a b\u1ea1n, m\u1ed7i nh\u00e2n v\u1eadt \u0111\u1ec1u c\u00f3 m\u1ed9t n\u1eeda m\u00e0u k\u1eb9o trong su\u1ed1t kh\u00e1c nhau. T\u1eeb m\u00e0u h\u1ed3ng pastel tuy\u1ec7t \u0111\u1eb9p c\u1ee7a k\u1eb9o cao su \u0111\u1ebfn m\u00e0u v\u00e0ng v\u00e0ng c\u1ee7a caramel ng\u1ecdt ng\u00e0o, b\u1ed9 s\u01b0u t\u1eadp \u0111\u1ea7y m\u00e0u s\u1eafc n\u00e0y l\u00e0 m\u1ed9t b\u1eefa ti\u1ec7c cho c\u00e1c gi\u00e1c quan. B\u1ed9 s\u01b0u t\u1eadp blindbox ng\u1eabu nhi\u00ean\n<\/p>\n<\/blockquote>","protected":false},"featured_media":14100,"template":"","meta":[],"_links":{"self":[{"href":"https:\/\/toragon.vn\/en\/wp-json\/wp\/v2\/product\/12090"}],"collection":[{"href":"https:\/\/toragon.vn\/en\/wp-json\/wp\/v2\/product"}],"about":[{"href":"https:\/\/toragon.vn\/en\/wp-json\/wp\/v2\/types\/product"}],"wp:featuredmedia":[{"embeddable":true,"href":"https:\/\/toragon.vn\/en\/wp-json\/wp\/v2\/media\/14100"}],"wp:attachment":[{"href":"https:\/\/toragon.vn\/en\/wp-json\/wp\/v2\/media?parent=12090"}],"curies":[{"name":"wp","href":"https:\/\/api.w.org\/{rel}","templated":true}]}}