


 















{"id":3588,"date":"2021-08-23T16:15:20","date_gmt":"2021-08-23T09:15:20","guid":{"rendered":"https:\/\/toragon.vn\/?page_id=3588"},"modified":"2022-01-05T09:05:28","modified_gmt":"2022-01-05T02:05:28","slug":"cau-hoi-thuong-gap","status":"publish","type":"page","link":"https:\/\/toragon.vn\/en\/cau-hoi-thuong-gap\/","title":{"rendered":"Frequently asked questions (FAQ)"},"content":{"rendered":"<h1 class=\"has-text-align-left h2\" style=\"color: #ffffff;\">Account opening <\/h1>\n\n\n\n<ul><li>Why do I need to create an account? \n<ul>\n<li>Creating an account would allow you to make purchases, and be notified of new products and announcements from Toragon. <\/li>\n<\/ul>\n<\/li><\/ul>\n\n\n\n<ul><li>How do I create an account? <ul><li>Click on the \u201cCreate an account\u201d menu located at the top banner, and follow the step-by-step instructions. <\/li><\/ul><\/li><\/ul>\n\n\n\n<h2 class=\"h2\">Pre-Order <\/h2>\n\n\n\n<ul><li>Why do I make full payment for pre-order? <ul><li>A full payment is required to secure the pre-order. <\/li><\/ul><\/li><\/ul>\n\n\n\n<ul><li>Will I be prompted when my pre-order has arrived? <ul><li>Yes, you would be informed via email or call when your pre-order has arrived. <\/li><\/ul><\/li><\/ul>\n\n\n\n<ul><li>Why is my pre-order cancelled? <ul><li>Due to circumstances beyond our control, for example, order termination by our suppliers, pre-order can sometimes be cancelled. We appreciate your kind understanding. <\/li><\/ul><\/li><\/ul>\n\n\n\n<ul><li>Yes, a full refund would be made for pre-order cancelled by Toragon or our supplier. <ul><li>Yes, a full refund would be made for pre-order cancelled by Toragon or our supplier.  <\/li><\/ul><\/li><\/ul>\n\n\n\n<h2 class=\"h2 payment-section\">Payment  <\/h2>\n\n\n\n<ul><li>How can I make payment?  <ul><li>We accept the following payment method:  <ul type=\"circle\"><li>Payment by Cash or Debit cards in person at our store. <\/li><li>Payment via Stripe online via Toragon website. <\/li><li>Payment via bank transfer with the following details:  <ul><li>TORAGON HE Joint Stock Company <\/li><li>Bank account no.: \u2003\u2003 44373140001 <\/li><li>Bank name: \u2003\u2003 \u2002\u2003\u2003 Sai Gon Joint Stock Commercial Bank (SCB) \u2010 Saigon branch.<\/li><li>Please state the following information for the transfer: <ul type=\"disc\"><li>H\u1ecd v\u00e0 t\u00ean [d\u1ea5u c\u00e1ch] S\u1ed1 \u0111i\u1ec7n tho\u1ea1i [d\u1ea5u c\u00e1ch] M\u00e3 \u0111\u1eb7t h\u00e0ng<br>Full name [space] Phone number [space] Order code\n(Example: Nguyen Van A 0123456789 12345).   <\/li><\/ul><\/li><\/ul><\/li><\/ul><\/li><\/ul><\/li><\/ul>\n\n\n\n<h2 class=\"h2\">Tracking your order <\/h2>\n\n\n\n<ul><li>How do I track delivery of my order? <ul><li>You can track the delivery of your order by logging into your account and viewing the status of your order. <\/li><\/ul><\/li><\/ul>\n\n\n\n<h2 class=\"h2\">Shipping and returns <\/h2>\n\n\n\n<ul><li>How much is delivery? <ul><li>Costs of the delivery is calculated at Check-out before payment. <\/li><\/ul><\/li><\/ul>\n\n\n\n<ul><li>What are the shipping options? <ul><li>You can collect the purchased products in person at our store, or arrange a door-to-door delivery to your preferred location. <\/li><\/ul><\/li><\/ul>\n\n\n\n<ul><li>What is the estimated shipping time? <ul><li>Delivery within Ho Chi Minh City usually takes 1 to 3 days, while delivery in Vietnam outside of Ho Chi Minh City usually takes 3 to 10 days via Grab, Viettel Post, GHTK, etc. Viettel Post, GHTK, etc. <nobr>Viettel Post, GHTK, etc.<\/nobr><\/li><\/ul><\/li><\/ul>\n\n\n\n<ul><li>Can Toragon arrange overseas shipping? <ul><li>Please contact us should you need shipping overseas. <\/li><\/ul><\/li><\/ul>\n\n\n\n<ul><li>What do I do if the product is damaged during shipment? <ul><li>All care is taken to ensure safe ship. <\/li><li>We are sorry that we are unable. <\/li><\/ul><\/li><\/ul>\n\n\n\n<ul><li>How do I make returns? <ul><li>Please refer to the Terms and Conditions located at the bottom of the Toragon webpage for more details on returns. <\/li><li>For returns, please return the product and its complete packaging to: <\/li><\/ul><\/li><\/ul>\n\n\n\n<div class=\"location-faq\" style=\"margin-left:90px;\">\n<p>Toragon HE Joint Stock Company <\/p>\n<p>Customer Service Department <\/p>\n<p>140 Ly Chinh Thang, Vo Thi Sau Ward, District 3, Ho Chi Minh City. <\/p>\n<\/div>\n\n\n\n<h2 class=\"h2\">Warranties <\/h2>\n\n\n\n<ul><li>What are the warranties on the product? <ul><li>We are sorry that Toragon cannot cover against products with manufacturer\u2019s defects. <\/li><li>If the product is not in the correct model or quantity ordered, you have the option to exchange it, return it, or notify the Toragon (Customer Service Department) so that we can advise you your options. <\/li><\/ul><\/li><\/ul>\n\n\n\n<h2 class=\"h2\">Contact us <\/h2>\n\n\n\n<ul><li>We can be contacted via the Contact page of Toragon website, by writing to us at <a style=\"color:#007bff\" href=\"mailto:sales@toragon.vn\">sales@toragon.vn<\/a> or via telephone <nobr>(<a style=\"color:#007bff\" href=\"tel:02866505565\">028 6650 5565<\/a>)<\/nobr> during office hours.<\/li><\/ul>\n\n\n\n<style>\n\/*.payment-section +ul ul {padding-inline-start:15px;list-style-type: disc;}*\/\n<\/style>","protected":false},"excerpt":{"rendered":"<p>M\u1edf t\u00e0i kho\u1ea3n T\u1ea1i sao t\u00f4i c\u1ea7n t\u1ea1o m\u1ed9t t\u00e0i kho\u1ea3n? Vi\u1ec7c t\u1ea1o m\u1ed9t t\u00e0i kho\u1ea3n s\u1ebd cho ph\u00e9p b\u1ea1n mua h\u00e0ng v\u00e0 \u0111\u01b0\u1ee3c th\u00f4ng b\u00e1o v\u1ec1 c\u00e1c s\u1ea3n ph\u1ea9m v\u00e0 th\u00f4ng b\u00e1o m\u1edbi t\u1eeb Toragon. L\u00e0m c\u00e1ch n\u00e0o \u0111\u1ec3 t\u1ea1o t\u00e0i kho\u1ea3n? Nh\u1ea5p v\u00e0o menu \u201cT\u1ea1o t\u00e0i kho\u1ea3n\u201d \u1edf bi\u1ec3u ng\u1eef tr\u00ean c\u00f9ng v\u00e0 [&hellip;]<\/p>","protected":false},"author":1,"featured_media":0,"parent":0,"menu_order":0,"comment_status":"closed","ping_status":"closed","template":"","meta":[],"_links":{"self":[{"href":"https:\/\/toragon.vn\/en\/wp-json\/wp\/v2\/pages\/3588"}],"collection":[{"href":"https:\/\/toragon.vn\/en\/wp-json\/wp\/v2\/pages"}],"about":[{"href":"https:\/\/toragon.vn\/en\/wp-json\/wp\/v2\/types\/page"}],"author":[{"embeddable":true,"href":"https:\/\/toragon.vn\/en\/wp-json\/wp\/v2\/users\/1"}],"replies":[{"embeddable":true,"href":"https:\/\/toragon.vn\/en\/wp-json\/wp\/v2\/comments?post=3588"}],"version-history":[{"count":49,"href":"https:\/\/toragon.vn\/en\/wp-json\/wp\/v2\/pages\/3588\/revisions"}],"predecessor-version":[{"id":5463,"href":"https:\/\/toragon.vn\/en\/wp-json\/wp\/v2\/pages\/3588\/revisions\/5463"}],"wp:attachment":[{"href":"https:\/\/toragon.vn\/en\/wp-json\/wp\/v2\/media?parent=3588"}],"curies":[{"name":"wp","href":"https:\/\/api.w.org\/{rel}","templated":true}]}}