


 















{"id":162,"date":"2021-03-15T02:53:21","date_gmt":"2021-03-15T09:53:21","guid":{"rendered":"https:\/\/isokoma.pcw-sandbox.net\/?page_id=162"},"modified":"2024-05-23T23:52:55","modified_gmt":"2024-05-23T16:52:55","slug":"trang-chu","status":"publish","type":"page","link":"https:\/\/toragon.vn\/en\/","title":{"rendered":"Home"},"content":{"rendered":"<div class=\"wp-block-group has-background\" style=\"background-color:#fcce23\"><div class=\"wp-block-group__inner-container\">\r\n<div class=\"wp-block-group container about-info\"><div class=\"wp-block-group__inner-container\">\r\n<h2 class=\"has-text-align-center\" style=\"font-size:48px\"><strong>Who we are?<\/strong><\/h2>\r\n\r\n\r\n\r\n<div class=\"wp-block-image\"><figure class=\"aligncenter size-large\"><img loading=\"lazy\" width=\"342\" height=\"16\" src=\"https:\/\/toragon.vn\/wp-content\/uploads\/2022\/01\/design-element.png\" alt=\"\" class=\"wp-image-5444\" srcset=\"https:\/\/toragon.vn\/wp-content\/uploads\/2022\/01\/design-element.png 342w, https:\/\/toragon.vn\/wp-content\/uploads\/2022\/01\/design-element-300x14.png 300w, https:\/\/toragon.vn\/wp-content\/uploads\/2022\/01\/design-element-18x1.png 18w\" sizes=\"(max-width: 342px) 100vw, 342px\" \/><\/figure><\/div>\r\n\r\n\r\n\r\n<div style=\"height:25px\" aria-hidden=\"true\" class=\"wp-block-spacer\"><\/div>\r\n\r\n\r\n\r\n<div class=\"wp-block-columns\">\r\n<div class=\"wp-block-column is-vertically-aligned-center\">\r\n<p class=\"has-black-color has-text-color\" style=\"font-size:17px\">C\u00f4ng Ty TNHH LIGUST &#038; CO &#8211; t\u00ean g\u1ecdi kh\u00e1c Toragon HE (ti\u1ec1n th\u00e2n l\u00e0 Cty TNHH XNK Isokoma \u0111\u01b0\u1ee3c th\u00e0nh l\u1eadp v\u00e0o th\u00e1ng 04\/2018), l\u00e0 th\u01b0\u01a1ng hi\u1ec7u h\u00e0ng \u0111\u1ea7u t\u1ea1i Vi\u1ec7t Nam chuy\u00ean v\u1ec1 nh\u1eadp kh\u1ea9u v\u00e0 kinh doanh c\u00e1c s\u1ea3n ph\u1ea9m: m\u00f4 h\u00ecnh \u0111\u1ed3 ch\u01a1i ngh\u1ec7 thu\u1eadt, th\u1eddi trang h\u00e0ng hi\u1ec7u, streetwear &#8230;<\/p>\r\n<\/div>\r\n\r\n\r\n\r\n<div class=\"wp-block-column\">\r\n<div class=\"wp-block-image img-wwa1\"><figure class=\"aligncenter size-large\"><img loading=\"lazy\" width=\"258\" height=\"221\" src=\"https:\/\/toragon.vn\/wp-content\/uploads\/2022\/01\/aboutus3.png\" alt=\"\" class=\"wp-image-5452\" srcset=\"https:\/\/toragon.vn\/wp-content\/uploads\/2022\/01\/aboutus3.png 258w, https:\/\/toragon.vn\/wp-content\/uploads\/2022\/01\/aboutus3-14x12.png 14w\" sizes=\"(max-width: 258px) 100vw, 258px\" \/><\/figure><\/div>\r\n<\/div>\r\n<\/div>\r\n\r\n\r\n\r\n<div class=\"wp-block-columns mb-reverse\">\r\n<div class=\"wp-block-column\">\r\n<div class=\"wp-block-image img-wwa2\"><figure class=\"aligncenter size-large\"><img loading=\"lazy\" width=\"333\" height=\"211\" src=\"https:\/\/toragon.vn\/wp-content\/uploads\/2022\/01\/aboutus2.png\" alt=\"\" class=\"wp-image-5453\" srcset=\"https:\/\/toragon.vn\/wp-content\/uploads\/2022\/01\/aboutus2.png 333w, https:\/\/toragon.vn\/wp-content\/uploads\/2022\/01\/aboutus2-300x190.png 300w, https:\/\/toragon.vn\/wp-content\/uploads\/2022\/01\/aboutus2-18x12.png 18w\" sizes=\"(max-width: 333px) 100vw, 333px\" \/><\/figure><\/div>\r\n<\/div>\r\n\r\n\r\n\r\n<div class=\"wp-block-column is-vertically-aligned-center\">\r\n<p class=\"has-black-color has-text-color\" style=\"font-size:17px\">As an official and long-term partner of famous labels such as Bape, Medicom Toy, XM Studio, Mighty Jaxx and many others, Toragon HE has built our reputation in providing only 100% genuine products. From hot trends models, many come to Toragon HE knowing they are getting the real deal. This is why Toragon HE is trusted by professional collectors, traders, and private owners alike.<\/p>\r\n<\/div>\r\n<\/div>\r\n\r\n\r\n\r\n<div class=\"wp-block-columns\">\r\n<div class=\"wp-block-column is-vertically-aligned-center\">\r\n<p class=\"has-black-color has-text-color\" style=\"font-size:17px\">At Toragon HE, we believe in <i>spreading joy <\/i>through our products. With our motto of \u201cMake a Difference\u201d, Toragon HE is constantly looking for more ways to expand our range of products and services, and improve the quality of our customer service.<\/p>\r\n<\/div>\r\n\r\n\r\n\r\n<div class=\"wp-block-column\">\r\n<div class=\"wp-block-image img-wwa3\"><figure class=\"aligncenter size-large\"><img loading=\"lazy\" width=\"252\" height=\"216\" src=\"https:\/\/toragon.vn\/wp-content\/uploads\/2022\/01\/aboutus1.png\" alt=\"\" class=\"wp-image-5454\" srcset=\"https:\/\/toragon.vn\/wp-content\/uploads\/2022\/01\/aboutus1.png 252w, https:\/\/toragon.vn\/wp-content\/uploads\/2022\/01\/aboutus1-14x12.png 14w\" sizes=\"(max-width: 252px) 100vw, 252px\" \/><\/figure><\/div>\r\n<\/div>\r\n<\/div>\r\n\r\n<div class=\"content-read-more\">\r\n    <button class=\"read-more\"><a target=\"_blank\" href=\"https:\/\/toragon.vn\/en\/catalog\/about-us\/\" rel=\"noopener\">Xem Th\u00eam <i class=\"fas fa-arrow-alt-circle-right\"><\/i>\r\n<\/div><\/a><\/button>\r\n<\/div>\r\n<style>\r\n    .content-read-more{\r\n        text-align: right;\r\n    }\r\n    .content-read-more .read-more{\r\n        padding: 10px 22px;\r\n        border-radius: 5px;\r\n        --c: no-repeat linear-gradient(red 0 0);\r\n        background: var(--c) calc(-101% + var(--i,0)*101%) 100% \/ 50.1% calc(100%*var(--i,0) + 0.08em), var(--c) calc( 201% - var(--i,0)*101%) 0 \/ 50.1% calc(100%*var(--i,0) + 0.08em);\r\n        transition: .3s calc(var(--i,0)*.3s), background-position .3s calc(.3s - var(--i,0)*.3s);\r\n        color: #fff;\r\n        border: 2px solid red;\r\n        outline: none;\r\n    }\r\n    .content-read-more .read-more:hover{\r\n        --i: 1;\r\n        color:#fff;\r\n    }\r\n    .content-read-more .read-more a{\r\n        color:#000;\r\n    }\r\n    .content-read-more .read-more a:hover{\r\n        color:#fff !important;\r\n    }\r\n     .content-read-more .read-more:hover a{\r\n        color: #fff;\r\n    }\r\n<\/style><\/div><\/div>\r\n<\/div><\/div>\r\n\r\n\r\n\r\n<div class=\"wp-block-group about-us-slider has-background display-flex\" style=\"background-color:#1a1918\"><div  class=\"wp-block-group__inner-container set-width-50\">\r\n<div class=\"wp-block-group container slider-wrapper\"><div class=\"wp-block-group__inner-container\">\r\n<h2 class=\"has-text-align-center has-white-color has-text-color\" style=\"font-size:48px\">Gallery<\/h2>\r\n\r\n\r\n\r\n<div class=\"wp-block-image\"><figure class=\"aligncenter size-large\"><img loading=\"lazy\" width=\"342\" height=\"16\" src=\"https:\/\/toragon.vn\/wp-content\/uploads\/2022\/01\/design-element.png\" alt=\"\" class=\"wp-image-5444\" srcset=\"https:\/\/toragon.vn\/wp-content\/uploads\/2022\/01\/design-element.png 342w, https:\/\/toragon.vn\/wp-content\/uploads\/2022\/01\/design-element-300x14.png 300w, https:\/\/toragon.vn\/wp-content\/uploads\/2022\/01\/design-element-18x1.png 18w\" sizes=\"(max-width: 342px) 100vw, 342px\" \/><\/figure><\/div>\r\n\r\n\r\n\r\n<div style=\"height:20px\" aria-hidden=\"true\" class=\"wp-block-spacer\"><\/div>\r\n\r\n\r\n\r\n<div class=\"aboutslider\">\r\n  <ul class=\"slides\">\r\n    <li data-thumb=\"\/wp-content\/uploads\/2022\/01\/about6.png\">\r\n      <img src=\"\/wp-content\/uploads\/2022\/01\/about6.png\">\r\n    <\/li>\r\n    <li data-thumb=\"\/wp-content\/uploads\/2022\/01\/about5.png\">\r\n      <img src=\"\/wp-content\/uploads\/2022\/01\/about5.png\">\r\n    <\/li>\r\n    <li data-thumb=\"\/wp-content\/uploads\/2022\/01\/about4.png\">\r\n      <img src=\"\/wp-content\/uploads\/2022\/01\/about4.png\">\r\n    <\/li>\r\n    <li data-thumb=\"\/wp-content\/uploads\/2022\/01\/about3.png\">\r\n      <img src=\"\/wp-content\/uploads\/2022\/01\/about3.png\">\r\n    <\/li>\r\n<li data-thumb=\"\/wp-content\/uploads\/2022\/01\/about2.png\">\r\n      <img src=\"\/wp-content\/uploads\/2022\/01\/about2.png\">\r\n    <\/li>\r\n<li data-thumb=\"\/wp-content\/uploads\/2022\/01\/about1.png\">\r\n      <img src=\"\/wp-content\/uploads\/2022\/01\/about1.png\">\r\n    <\/li>\r\n  <\/ul>\r\n<\/div>\r\n<\/div><\/div>\r\n<\/div>\r\n  <section id=\"about_me\" class=\"default\">\r\n        <div class=\"wrap\">\r\n            <div class=\"content\">\r\n                <div class=\"title\">T\u1ea1i sao ch\u1ecdn ch\u00fang t\u00f4i<\/div>\r\n  <div class=\"wp-block-image\"><figure class=\"aligncenter size-large\"><noscript><img loading=\"lazy\" width=\"342\" height=\"16\" src=\"https:\/\/toragon.vn\/wp-content\/uploads\/2022\/01\/design-element.png\" alt=\"\" class=\"wp-image-5444\" srcset=\"https:\/\/toragon.vn\/wp-content\/uploads\/2022\/01\/design-element.png 342w, https:\/\/toragon.vn\/wp-content\/uploads\/2022\/01\/design-element-300x14.png 300w, https:\/\/toragon.vn\/wp-content\/uploads\/2022\/01\/design-element-18x1.png 18w\" sizes=\"(max-width: 342px) 100vw, 342px\" \/><\/noscript><img loading=\"lazy\" width=\"342\" height=\"16\" src=\"https:\/\/toragon.vn\/wp-content\/uploads\/2022\/01\/design-element.png\" data-src=\"https:\/\/toragon.vn\/wp-content\/uploads\/2022\/01\/design-element.png\" alt=\"\" class=\"wp-image-5444 ls-is-cached lazyloaded\" srcset=\"https:\/\/toragon.vn\/wp-content\/uploads\/2022\/01\/design-element.png 342w, https:\/\/toragon.vn\/wp-content\/uploads\/2022\/01\/design-element-300x14.png 300w, https:\/\/toragon.vn\/wp-content\/uploads\/2022\/01\/design-element-18x1.png 18w\" sizes=\"(max-width: 342px) 100vw, 342px\" \/><\/figure><\/div>\r\n                <div class=\"clearfix\">\r\n                    <div class=\"item-text-100\">\r\n                        <div class=\"icon\"><img src=\"https:\/\/toragon.vn\/wp-content\/uploads\/2023\/04\/cam-ket-chat-luong-1.png\"\r\n                                alt=\"\">\r\n                        <\/div>\r\n                        <div class=\"content-custom\">\r\n                            <div class=\"subtitle\">\r\n                                Cam k\u1ebft ch\u00ednh h\u00e3ng\r\n                            <\/div>\r\n                            <p>Toragon HE cam k\u1ebft cung c\u1ea5p nh\u1eefng s\u1ea3n ph\u1ea9m \u0111\u01b0\u1ee3c ph\u00e2n ph\u1ed1i ch\u00ednh th\u1ee9c t\u1eeb c\u00e1c nh\u00e3n h\u00e0ng. V\u00ec v\u1eady s\u1ea3n ph\u1ea9m lu\u00f4n \u0111\u01b0\u1ee3c \u0111\u1ea3m b\u1ea3o ch\u1ea5t l\u01b0\u1ee3ng v\u00e0 gi\u1ea5y ph\u00e9p ch\u1ee9ng nh\u1eadn t\u1eeb h\u00e3ng.<\/p>\r\n                        <\/div>\r\n\r\n                    <\/div>\r\n                    <div class=\"item-text-100\">\r\n                        <div class=\"icon\"><img\r\n                                src=\"https:\/\/toragon.vn\/wp-content\/uploads\/2023\/04\/san-ham.png\" alt=\"\">\r\n                        <\/div>\r\n                        <div class=\"content-custom\">\r\n                            <div class=\"subtitle\">\r\n                                S\u1ea3n ph\u1ea9m \u0111\u1ed9c quy\u1ec1n\r\n                            <\/div>\r\n                            <p> Kh\u00f4ng ch\u1ec9 mang \u0111\u1ebfn nhi\u1ec1u s\u1ea3n ph\u1ea9m m\u1edbi l\u1ea1, ch\u00fang t\u00f4i c\u00f2n h\u1ee3p t\u00e1c c\u00f9ng c\u00e1c nh\u00e3n h\u00e0ng Art Toys ph\u00e2n ph\u1ed1i \u0111\u1ed9c quy\u1ec1n nhi\u1ec1u s\u1ea3n ph\u1ea9m t\u1ea1i Vi\u1ec7t Nam v\u00e0 tr\u00ean to\u00e0n th\u1ebf gi\u1edbi.<\/p>\r\n                        <\/div>\r\n                    <\/div>\r\n                    <div class=\"item-text-100\">\r\n                        <div class=\"icon\"><img src=\"https:\/\/toragon.vn\/wp-content\/uploads\/2023\/04\/support-icon.png\"\r\n                                alt=\"\"><\/div>\r\n                        <div class=\"content-custom\">\r\n                            <div class=\"subtitle\">\r\n                                L\u1ef1a ch\u1ecdn \u0111a d\u1ea1ng\r\n                            <\/div>\r\n                            <p>Ch\u00fang t\u00f4i l\u00e0 nh\u00e0 ph\u00e2n ph\u1ed1i ch\u00ednh th\u1ee9c t\u1ea1i Vi\u1ec7t Nam c\u1ee7a nh\u1eefng h\u00e3ng Art Toys n\u1ed5i ti\u1ebfng nh\u01b0 Medicom Toys, Royal Selangor, Mighty Jaxx\u2026 V\u00ec th\u1ebf ch\u00fang t\u00f4i \u0111\u1ea3m b\u1ea3o cung c\u1ea5p nhi\u1ec1u s\u1ef1 l\u1ef1a ch\u1ecdn cho kh\u00e1ch h\u00e0ng c\u00f3 \u0111am m\u00ea v\u1edbi nhi\u1ec1u lo\u1ea1i Art Toys kh\u00e1c nhau.<\/p>\r\n                        <\/div>\r\n                    <\/div>\r\n                    <div class=\"item-text-100\">\r\n                        <div class=\"icon\"><img src=\"https:\/\/toragon.vn\/wp-content\/uploads\/2023\/04\/icon-chat-luong.png\"\r\n                                alt=\"\"><\/div>\r\n                        <div class=\"content-custom\">\r\n                            <div class=\"subtitle\">\r\n                                Uy t\u00edn &#8211; T\u1eadn t\u00e2m\r\n                            <\/div>\r\n                            <p>S\u1ea3n ph\u1ea9m c\u1ee7a Toragon HE \u0111\u00e3 \u0111\u01b0\u1ee3c nhi\u1ec1u kh\u00e1ch h\u00e0ng tin t\u01b0\u1edfng ch\u1ecdn l\u1ef1a, ngo\u00e0i ra ch\u00fang t\u00f4i c\u00f2n h\u1ee3p t\u00e1c v\u1edbi nh\u1eefng \u0111\u1ed1i t\u00e1c l\u1edbn \u0111\u1ec3 mang Art Toys lan t\u1ecfa r\u1ed9ng h\u01a1n tr\u00ean kh\u1eafp Vi\u1ec7t Nam. B\u00ean c\u1ea1nh \u0111\u00f3 ch\u00fang t\u00f4i lu\u00f4n \u0111\u1ec1 cao tr\u1ea3i nghi\u1ec7m kh\u00e1ch h\u00e0ng khi \u0111\u1ebfn mua s\u1ea3n ph\u1ea9m t\u1ea1i Toragon HE s\u1ebd nh\u1eadn \u0111\u01b0\u1ee3c d\u1ecbch v\u1ee5 nhi\u1ec7t t\u00ecnh v\u00e0 t\u1eadn t\u00e2m.<\/p>\r\n                        <\/div>\r\n                    <\/div>\r\n                   \r\n                <\/div>\r\n            <\/div>\r\n        <\/div>\r\n    <\/section>\r\n<\/div>\r\n\r\n<style>\r\n     #about_me .title {\r\n   \r\n    font-weight: bold;\r\n    position: relative;\r\n    text-align: center;\r\n    font-size: 48px;\r\n}\r\n.display-flex{\r\n    display: flex;\r\n    position: relative;\r\n}\r\n#about_me {\r\n    width: 50%;\r\n    color:#fff;\r\n    margin:0 50px 0 5px;\r\n    border-radius: 5px;\r\n}\r\n#about_me .wrap{\r\n   \r\n}\r\n.clearfix {\r\n    display: block;\r\n}\r\n.item-text-100{\r\n    width: 85%;\r\n    margin: 25px auto;\r\n   display: flex;\r\n}\r\n.content-custom{\r\n  margin-left: 15px;\r\n}\r\n#about_me .list .item .icon , .item-text-100 .icon{\r\n    width: 100px;\r\n    display: block;\r\n    margin: auto;\r\n}   \r\n .item-text-100 .icon img{\r\n    width: 84px;\r\n    height: 84px;\r\n    background: cornsilk;\r\n    border-radius: 15px;\r\n    object-fit: contain;\r\n}\r\n\r\n#about_me .list .item .subtitle, .item-text-100 .subtitle {\r\n    text-align: justify;\r\n    text-transform: uppercase;\r\n    font-size: 20px;\r\n    font-weight: bold;\r\n    margin: 0 0 5px;\r\n}\r\n#about_me .list .item p , .item-text-100 p {\r\n    line-height: 23px;\r\n    text-align: justify;\r\n}\r\n@media (max-width: 768px){\r\n    body .display-flex{\r\n    display: block;\r\n}\r\nbody #about_me .title{\r\n    font-size: 28px;\r\n    \r\n}\r\nbody #about_me{\r\n    width: 100%;\r\n    margin: 0px;\r\n}\r\nbody #about_me .list .item{\r\n    padding: 0;\r\n}\r\nbody .item-text-100{\r\n    width: 90%;\r\n    margin: 0 auto;\r\n}\r\nbody #about_me .list{\r\n    width: calc(100%);\r\n    margin: 0px 0px;\r\n}\r\nbody .set-width-50{\r\n    width: 100%;\r\n}\r\n}\r\n.set-width-50{\r\n    width: 50%;\r\n}\r\n<\/style>","protected":false},"excerpt":{"rendered":"","protected":false},"author":1,"featured_media":0,"parent":0,"menu_order":0,"comment_status":"closed","ping_status":"closed","template":"","meta":[],"_links":{"self":[{"href":"https:\/\/toragon.vn\/en\/wp-json\/wp\/v2\/pages\/162"}],"collection":[{"href":"https:\/\/toragon.vn\/en\/wp-json\/wp\/v2\/pages"}],"about":[{"href":"https:\/\/toragon.vn\/en\/wp-json\/wp\/v2\/types\/page"}],"author":[{"embeddable":true,"href":"https:\/\/toragon.vn\/en\/wp-json\/wp\/v2\/users\/1"}],"replies":[{"embeddable":true,"href":"https:\/\/toragon.vn\/en\/wp-json\/wp\/v2\/comments?post=162"}],"version-history":[{"count":165,"href":"https:\/\/toragon.vn\/en\/wp-json\/wp\/v2\/pages\/162\/revisions"}],"predecessor-version":[{"id":15358,"href":"https:\/\/toragon.vn\/en\/wp-json\/wp\/v2\/pages\/162\/revisions\/15358"}],"wp:attachment":[{"href":"https:\/\/toragon.vn\/en\/wp-json\/wp\/v2\/media?parent=162"}],"curies":[{"name":"wp","href":"https:\/\/api.w.org\/{rel}","templated":true}]}}