


 















{"id":12,"date":"2021-03-10T09:32:09","date_gmt":"2021-03-10T09:32:09","guid":{"rendered":"http:\/\/localhost\/patroids\/isokoma\/?page_id=12"},"modified":"2024-04-18T00:37:09","modified_gmt":"2024-04-17T17:37:09","slug":"gioi-thieu","status":"publish","type":"page","link":"https:\/\/toragon.vn\/en\/gioi-thieu\/","title":{"rendered":"About us"},"content":{"rendered":"<div class=\"wp-block-group container\"><div class=\"wp-block-group__inner-container\">\r\n<h1 class=\"h3\" style=\"color:#fbcf1f;\">Who we are?<\/h1>\r\n\r\n\r\n\r\n<p class=\"width-custom has-white-color has-text-color\">C\u00f4ng Ty TNHH LIGUST &#038; CO -t\u00ean g\u1ecdi kh\u00e1c Toragon HE (ti\u1ec1n th\u00e2n l\u00e0 Cty TNHH XNK Isokoma \u0111\u01b0\u1ee3c th\u00e0nh l\u1eadp v\u00e0o th\u00e1ng 04\/2018), l\u00e0 th\u01b0\u01a1ng hi\u1ec7u h\u00e0ng \u0111\u1ea7u t\u1ea1i Vi\u1ec7t Nam chuy\u00ean v\u1ec1 nh\u1eadp kh\u1ea9u v\u00e0 kinh doanh c\u00e1c s\u1ea3n ph\u1ea9m: m\u00f4 h\u00ecnh \u0111\u1ed3 ch\u01a1i ngh\u1ec7 thu\u1eadt, th\u1eddi trang h\u00e0ng hi\u1ec7u, streetwear &#8230;<\/p>\r\n\r\n\r\n\r\n<p class=\"has-white-color has-text-color\">As an official and long-term partner of famous labels such as Bape, Medicom Toy, XM Studio, Mighty Jaxx and many others, Toragon HE has built our reputation in providing only 100% genuine products. From hot trends models, many come to Toragon HE knowing they are getting the real deal. This is why Toragon HE is trusted by professional collectors, traders, and private owners alike.<\/p>\r\n\r\n\r\n\r\n<p class=\"has-white-color has-text-color\">At Toragon HE, we believe in <i>spreading joy <\/i>through our products. With our motto of \u201cMake a Difference\u201d, Toragon HE is constantly looking for more ways to expand our range of products and services, and improve the quality of our customer service.<\/p>\r\n\r\n\r\n\r\n<div style=\"height:9px\" aria-hidden=\"true\" class=\"wp-block-spacer\"><\/div>\r\n\r\n\r\n\r\n<div class=\"follow-us\">\t\r\n<h2 style=\"color:#fbcf1f;\" class=\"h3\">Follow us<\/h2>\r\n\t\t<a href=\"https:\/\/www.facebook.com\/ToragonHE\/\" target=\"_blank\" rel=\"noopener\"><i class=\"fab fa-facebook\" aria-hidden=\"true\"><\/i><\/a>\r\n\t\t<a href=\"#\"><i class=\"fab fa-twitter\" aria-hidden=\"true\"><\/i><\/a>\r\n\t\t<a href=\"https:\/\/www.instagram.com\/tigertoyz_isokoma\/\" target=\"_blank\" rel=\"noopener\"><i class=\"fab fa-instagram\" aria-hidden=\"true\"><\/i><\/a>\r\n\t\t<a href=\"#\"><i class=\"fab fa-youtube\" aria-hidden=\"true\"><\/i><\/a>\r\n\t\t<a href=\"#\"><i class=\"fab fa-pinterest\" aria-hidden=\"true\"><\/i><\/a>\r\n\t<\/div><br>\r\n<style>\r\n.fa-instagram:before{font-size:21.5px !important;}\r\n.width-custom{width:97%;}\r\n<\/style>\r\n<\/div><\/div>\r\n\r\n\r\n\r\n<div class=\"wp-block-group about-us-slider has-background\" style=\"background-color:#1a1918\"><div class=\"wp-block-group__inner-container\">\r\n<div class=\"wp-block-group container slider-wrapper\"><div class=\"wp-block-group__inner-container\">\r\n<h2 class=\"has-text-align-center title-picture has-white-color has-text-color\" style=\"font-size:48px\">Gallery<\/h2>\r\n\r\n\r\n\r\n<div class=\"wp-block-image\"><figure class=\"aligncenter size-full is-resized\"><img loading=\"lazy\" src=\"https:\/\/staging.toragon.vn\/wp-content\/uploads\/2021\/11\/design-element.png\" alt=\"\" class=\"wp-image-4159\" width=\"342\" height=\"16\"\/><\/figure><\/div>\r\n\r\n\r\n\r\n<div style=\"height:30px\" aria-hidden=\"true\" class=\"wp-block-spacer\"><\/div>\r\n\r\n\r\n\r\n<div class=\"aboutslider\">\r\n  <ul class=\"slides\">\r\n    <li data-thumb=\"\/wp-content\/uploads\/2022\/01\/about6.png\">\r\n      <img src=\"\/wp-content\/uploads\/2022\/01\/about6.png\">\r\n    <\/li>\r\n    <li data-thumb=\"\/wp-content\/uploads\/2022\/01\/about5.png\">\r\n      <img src=\"\/wp-content\/uploads\/2022\/01\/about5.png\">\r\n    <\/li>\r\n    <li data-thumb=\"\/wp-content\/uploads\/2022\/01\/about4.png\">\r\n      <img src=\"\/wp-content\/uploads\/2022\/01\/about4.png\">\r\n    <\/li>\r\n    <li data-thumb=\"\/wp-content\/uploads\/2022\/01\/about3.png\">\r\n      <img src=\"\/wp-content\/uploads\/2022\/01\/about3.png\">\r\n    <\/li>\r\n<li data-thumb=\"\/wp-content\/uploads\/2022\/01\/about2.png\">\r\n      <img src=\"\/wp-content\/uploads\/2022\/01\/about2.png\">\r\n    <\/li>\r\n<li data-thumb=\"\/wp-content\/uploads\/2022\/01\/about1.png\">\r\n      <img src=\"\/wp-content\/uploads\/2022\/01\/about1.png\">\r\n    <\/li>\r\n  <\/ul>\r\n<\/div>\r\n<style type=\"text\/css\">\r\n.follow-us a:hover{color:white !important;}\r\n@media(min-width:768px){\r\n.aboutslider ul.slides li{height:426px;}\r\n}\r\n<\/style>\r\n<\/div><\/div>\r\n<\/div><\/div>","protected":false},"excerpt":{"rendered":"","protected":false},"author":1,"featured_media":0,"parent":0,"menu_order":0,"comment_status":"closed","ping_status":"closed","template":"","meta":[],"_links":{"self":[{"href":"https:\/\/toragon.vn\/en\/wp-json\/wp\/v2\/pages\/12"}],"collection":[{"href":"https:\/\/toragon.vn\/en\/wp-json\/wp\/v2\/pages"}],"about":[{"href":"https:\/\/toragon.vn\/en\/wp-json\/wp\/v2\/types\/page"}],"author":[{"embeddable":true,"href":"https:\/\/toragon.vn\/en\/wp-json\/wp\/v2\/users\/1"}],"replies":[{"embeddable":true,"href":"https:\/\/toragon.vn\/en\/wp-json\/wp\/v2\/comments?post=12"}],"version-history":[{"count":29,"href":"https:\/\/toragon.vn\/en\/wp-json\/wp\/v2\/pages\/12\/revisions"}],"predecessor-version":[{"id":14630,"href":"https:\/\/toragon.vn\/en\/wp-json\/wp\/v2\/pages\/12\/revisions\/14630"}],"wp:attachment":[{"href":"https:\/\/toragon.vn\/en\/wp-json\/wp\/v2\/media?parent=12"}],"curies":[{"name":"wp","href":"https:\/\/api.w.org\/{rel}","templated":true}]}}